{"id":196,"date":"2024-04-07T20:43:16","date_gmt":"2024-04-07T18:43:16","guid":{"rendered":"https:\/\/gogle-shop.pl\/?page_id=196"},"modified":"2024-04-19T21:36:26","modified_gmt":"2024-04-19T19:36:26","slug":"__trashed","status":"publish","type":"page","link":"https:\/\/gogle-shop.pl\/?page_id=196","title":{"rendered":"FAQ"},"content":{"rendered":"\n<hr class=\"wp-block-separator has-alpha-channel-opacity is-style-wide\" style=\"margin-top:0;margin-bottom:0\"\/>\n\n\n\n<div class=\"wp-block-columns alignfull is-layout-flex wp-container-core-columns-is-layout-b4bdae7e wp-block-columns-is-layout-flex\" style=\"padding-top:var(--wp--preset--spacing--70);padding-right:var(--wp--preset--spacing--80);padding-bottom:var(--wp--preset--spacing--70);padding-left:var(--wp--preset--spacing--80)\">\n<div class=\"wp-block-column is-layout-flow wp-block-column-is-layout-flow\">\n<figure class=\"wp-block-image alignfull size-large\"><img loading=\"lazy\" decoding=\"async\" width=\"1024\" height=\"85\" src=\"https:\/\/gogle-shop.pl\/wp-content\/uploads\/2024\/04\/Grafika_bez_nazwy-30-1024x85.jpg\" alt=\"\" class=\"wp-image-379\" srcset=\"https:\/\/gogle-shop.pl\/wp-content\/uploads\/2024\/04\/Grafika_bez_nazwy-30-1024x85.jpg 1024w, https:\/\/gogle-shop.pl\/wp-content\/uploads\/2024\/04\/Grafika_bez_nazwy-30-600x50.jpg 600w, https:\/\/gogle-shop.pl\/wp-content\/uploads\/2024\/04\/Grafika_bez_nazwy-30-300x25.jpg 300w, https:\/\/gogle-shop.pl\/wp-content\/uploads\/2024\/04\/Grafika_bez_nazwy-30-768x64.jpg 768w, https:\/\/gogle-shop.pl\/wp-content\/uploads\/2024\/04\/Grafika_bez_nazwy-30.jpg 1200w\" sizes=\"auto, (max-width: 1024px) 100vw, 1024px\" \/><\/figure>\n<\/div>\n<\/div>\n\n\n\n<div class=\"wp-block-columns is-layout-flex wp-container-core-columns-is-layout-ef350914 wp-block-columns-is-layout-flex\" style=\"padding-top:var(--wp--preset--spacing--30);padding-bottom:var(--wp--preset--spacing--30)\">\n<div class=\"wp-block-column is-layout-flow wp-block-column-is-layout-flow\" style=\"padding-top:var(--wp--preset--spacing--40);padding-bottom:var(--wp--preset--spacing--40)\">\n<div class=\"schema-faq wp-block-yoast-faq-block\"><div class=\"schema-faq-section\" id=\"faq-question-1712515569687\"><strong class=\"schema-faq-question\">Jak mog\u0119 sprawdzi\u0107 status zam\u00f3wienia?<\/strong> <p class=\"schema-faq-answer\">Aby sprawdzi\u0107 status zam\u00f3wienia nale\u017cy zalogowa\u0107 si\u0119 na swoim koncie Gogle-Shop. Informacje dotycz\u0105ce kolejnego etapu realizacji s\u0105 na bie\u017c\u0105co przesy\u0142ane drog\u0105 mailow\u0105 do klient\u00f3w.<\/p> <\/div> <div class=\"schema-faq-section\" id=\"faq-question-1712515648763\"><strong class=\"schema-faq-question\">Gdzie mog\u0119 umie\u015bci\u0107 komentarz do zam\u00f3wienia?<\/strong> <p class=\"schema-faq-answer\">Komentarz do zam\u00f3wienia mo\u017cna zamie\u015bci\u0107 podczas zakupu okular\u00f3w online w jednym z ko\u0144cowych etap\u00f3w uzupe\u0142niania niezb\u0119dnych informacji.<\/p> <\/div> <div class=\"schema-faq-section\" id=\"faq-question-1712515672732\"><strong class=\"schema-faq-question\">Ile wynosi czas realizacji zam\u00f3wienia?<\/strong> <p class=\"schema-faq-answer\">Wysy\u0142amy okulary w ci\u0105gu 1-2 dni roboczych od momentu op\u0142acenia zam\u00f3wnienia. <\/p> <\/div> <div class=\"schema-faq-section\" id=\"faq-question-1712515779439\"><strong class=\"schema-faq-question\">Co dostan\u0119 razem z okularami?<\/strong> <p class=\"schema-faq-answer\">Do okular\u00f3w ka\u017cdy otrzymuje gratis w postaci etui. <\/p> <\/div> <div class=\"schema-faq-section\" id=\"faq-question-1712515798724\"><strong class=\"schema-faq-question\">Czy oferujecie karty podarunkowe?<\/strong> <p class=\"schema-faq-answer\">Oczywi\u015bcie dajemy mo\u017cliwo\u015b\u0107 zakupu karty podarunkowej do naszego sklepu, kt\u00f3r\u0105 mo\u017cna obdarowa\u0107 kogo\u015b bliskiego. Kart\u0119 mo\u017cna naby\u0107 poprzez nasz\u0105 stron\u0119 internetow\u0105 w formie elektronicznej lub fizycznej.<\/p> <\/div> <div class=\"schema-faq-section\" id=\"faq-question-1712515898967\"><strong class=\"schema-faq-question\">Czy okulary zam\u00f3wione przez internet mog\u0119 odebra\u0107 osobi\u015bcie?<\/strong> <p class=\"schema-faq-answer\">Nie mamy takiej mo\u017cliwo\u015bci.<\/p> <\/div> <div class=\"schema-faq-section\" id=\"faq-question-1712515966176\"><strong class=\"schema-faq-question\">Czy wystawiacie faktur\u0119 na firm\u0119\/osob\u0119 fizyczn\u0105?<\/strong> <p class=\"schema-faq-answer\">Oczywi\u015bcie wystawiamy faktury za zakup okular\u00f3w, faktura mo\u017ce by\u0107 wygenerowana na dane firmy lub na osob\u0119 fizyczn\u0105 podan\u0105 w formularzu zam\u00f3wienia.<\/p> <\/div> <div class=\"schema-faq-section\" id=\"faq-question-1712516031322\"><strong class=\"schema-faq-question\">Kiedy dostan\u0119 faktur\u0119?<\/strong> <p class=\"schema-faq-answer\">Faktura zostanie przes\u0142ana drog\u0105 mailow\u0105 po z\u0142o\u017ceniu zam\u00f3wienia, w trakcie jego przygotowania lub gdy okulary zostan\u0105 wys\u0142ane.<\/p> <\/div> <\/div>\n<\/div>\n<\/div>\n","protected":false},"excerpt":{"rendered":"","protected":false},"author":3,"featured_media":0,"parent":0,"menu_order":0,"comment_status":"closed","ping_status":"closed","template":"","meta":{"site-sidebar-layout":"default","site-content-layout":"","ast-site-content-layout":"","site-content-style":"default","site-sidebar-style":"default","ast-global-header-display":"","ast-banner-title-visibility":"","ast-main-header-display":"","ast-hfb-above-header-display":"","ast-hfb-below-header-display":"","ast-hfb-mobile-header-display":"","site-post-title":"disabled","ast-breadcrumbs-content":"","ast-featured-img":"","footer-sml-layout":"","theme-transparent-header-meta":"","adv-header-id-meta":"","stick-header-meta":"","header-above-stick-meta":"","header-main-stick-meta":"","header-below-stick-meta":"","astra-migrate-meta-layouts":"default","ast-page-background-enabled":"default","ast-page-background-meta":{"desktop":{"background-color":"var(--ast-global-color-4)","background-image":"","background-repeat":"repeat","background-position":"center center","background-size":"auto","background-attachment":"scroll","background-type":"","background-media":"","overlay-type":"","overlay-color":"","overlay-gradient":""},"tablet":{"background-color":"","background-image":"","background-repeat":"repeat","background-position":"center center","background-size":"auto","background-attachment":"scroll","background-type":"","background-media":"","overlay-type":"","overlay-color":"","overlay-gradient":""},"mobile":{"background-color":"","background-image":"","background-repeat":"repeat","background-position":"center center","background-size":"auto","background-attachment":"scroll","background-type":"","background-media":"","overlay-type":"","overlay-color":"","overlay-gradient":""}},"ast-content-background-meta":{"desktop":{"background-color":"var(--ast-global-color-5)","background-image":"","background-repeat":"repeat","background-position":"center center","background-size":"auto","background-attachment":"scroll","background-type":"","background-media":"","overlay-type":"","overlay-color":"","overlay-gradient":""},"tablet":{"background-color":"var(--ast-global-color-5)","background-image":"","background-repeat":"repeat","background-position":"center center","background-size":"auto","background-attachment":"scroll","background-type":"","background-media":"","overlay-type":"","overlay-color":"","overlay-gradient":""},"mobile":{"background-color":"var(--ast-global-color-5)","background-image":"","background-repeat":"repeat","background-position":"center center","background-size":"auto","background-attachment":"scroll","background-type":"","background-media":"","overlay-type":"","overlay-color":"","overlay-gradient":""}},"footnotes":""},"class_list":["post-196","page","type-page","status-publish","hentry"],"yoast_head":"<!-- This site is optimized with the Yoast SEO plugin v22.7 - https:\/\/yoast.com\/wordpress\/plugins\/seo\/ -->\n<title>FAQ - Gogle-Shop<\/title>\n<meta name=\"robots\" content=\"index, follow, max-snippet:-1, max-image-preview:large, max-video-preview:-1\" \/>\n<link rel=\"canonical\" href=\"https:\/\/gogle-shop.pl\/?page_id=196\" \/>\n<meta property=\"og:locale\" content=\"pl_PL\" \/>\n<meta property=\"og:type\" content=\"article\" \/>\n<meta property=\"og:title\" content=\"FAQ - Gogle-Shop\" \/>\n<meta property=\"og:url\" content=\"https:\/\/gogle-shop.pl\/?page_id=196\" \/>\n<meta property=\"og:site_name\" content=\"Gogle-Shop\" \/>\n<meta property=\"article:modified_time\" content=\"2024-04-19T19:36:26+00:00\" \/>\n<meta property=\"og:image\" content=\"https:\/\/gogle-shop.pl\/wp-content\/uploads\/2024\/04\/Grafika_bez_nazwy-30-1024x85.jpg\" \/>\n<meta name=\"twitter:card\" content=\"summary_large_image\" \/>\n<meta name=\"twitter:label1\" content=\"Szacowany czas czytania\" \/>\n\t<meta name=\"twitter:data1\" content=\"2 minuty\" \/>\n<script type=\"application\/ld+json\" class=\"yoast-schema-graph\">{\"@context\":\"https:\/\/schema.org\",\"@graph\":[{\"@type\":[\"WebPage\",\"FAQPage\"],\"@id\":\"https:\/\/gogle-shop.pl\/?page_id=196\",\"url\":\"https:\/\/gogle-shop.pl\/?page_id=196\",\"name\":\"FAQ - Gogle-Shop\",\"isPartOf\":{\"@id\":\"https:\/\/gogle-shop.pl\/#website\"},\"primaryImageOfPage\":{\"@id\":\"https:\/\/gogle-shop.pl\/?page_id=196#primaryimage\"},\"image\":{\"@id\":\"https:\/\/gogle-shop.pl\/?page_id=196#primaryimage\"},\"thumbnailUrl\":\"https:\/\/gogle-shop.pl\/wp-content\/uploads\/2024\/04\/Grafika_bez_nazwy-30-1024x85.jpg\",\"datePublished\":\"2024-04-07T18:43:16+00:00\",\"dateModified\":\"2024-04-19T19:36:26+00:00\",\"breadcrumb\":{\"@id\":\"https:\/\/gogle-shop.pl\/?page_id=196#breadcrumb\"},\"mainEntity\":[{\"@id\":\"https:\/\/gogle-shop.pl\/?page_id=196#faq-question-1712515569687\"},{\"@id\":\"https:\/\/gogle-shop.pl\/?page_id=196#faq-question-1712515648763\"},{\"@id\":\"https:\/\/gogle-shop.pl\/?page_id=196#faq-question-1712515672732\"},{\"@id\":\"https:\/\/gogle-shop.pl\/?page_id=196#faq-question-1712515779439\"},{\"@id\":\"https:\/\/gogle-shop.pl\/?page_id=196#faq-question-1712515798724\"},{\"@id\":\"https:\/\/gogle-shop.pl\/?page_id=196#faq-question-1712515898967\"},{\"@id\":\"https:\/\/gogle-shop.pl\/?page_id=196#faq-question-1712515966176\"},{\"@id\":\"https:\/\/gogle-shop.pl\/?page_id=196#faq-question-1712516031322\"}],\"inLanguage\":\"pl-PL\",\"potentialAction\":[{\"@type\":\"ReadAction\",\"target\":[\"https:\/\/gogle-shop.pl\/?page_id=196\"]}]},{\"@type\":\"ImageObject\",\"inLanguage\":\"pl-PL\",\"@id\":\"https:\/\/gogle-shop.pl\/?page_id=196#primaryimage\",\"url\":\"https:\/\/gogle-shop.pl\/wp-content\/uploads\/2024\/04\/Grafika_bez_nazwy-30.jpg\",\"contentUrl\":\"https:\/\/gogle-shop.pl\/wp-content\/uploads\/2024\/04\/Grafika_bez_nazwy-30.jpg\",\"width\":1200,\"height\":100},{\"@type\":\"BreadcrumbList\",\"@id\":\"https:\/\/gogle-shop.pl\/?page_id=196#breadcrumb\",\"itemListElement\":[{\"@type\":\"ListItem\",\"position\":1,\"name\":\"Strona g\u0142\u00f3wna\",\"item\":\"https:\/\/gogle-shop.pl\/\"},{\"@type\":\"ListItem\",\"position\":2,\"name\":\"FAQ\"}]},{\"@type\":\"WebSite\",\"@id\":\"https:\/\/gogle-shop.pl\/#website\",\"url\":\"https:\/\/gogle-shop.pl\/\",\"name\":\"Gogle-Shop\",\"description\":\"\",\"publisher\":{\"@id\":\"https:\/\/gogle-shop.pl\/#organization\"},\"potentialAction\":[{\"@type\":\"SearchAction\",\"target\":{\"@type\":\"EntryPoint\",\"urlTemplate\":\"https:\/\/gogle-shop.pl\/?s={search_term_string}\"},\"query-input\":\"required name=search_term_string\"}],\"inLanguage\":\"pl-PL\"},{\"@type\":\"Organization\",\"@id\":\"https:\/\/gogle-shop.pl\/#organization\",\"name\":\"Gogle-Shop\",\"url\":\"https:\/\/gogle-shop.pl\/\",\"logo\":{\"@type\":\"ImageObject\",\"inLanguage\":\"pl-PL\",\"@id\":\"https:\/\/gogle-shop.pl\/#\/schema\/logo\/image\/\",\"url\":\"https:\/\/gogle-shop.pl\/wp-content\/uploads\/2024\/04\/IMG_4649.png\",\"contentUrl\":\"https:\/\/gogle-shop.pl\/wp-content\/uploads\/2024\/04\/IMG_4649.png\",\"width\":2048,\"height\":2048,\"caption\":\"Gogle-Shop\"},\"image\":{\"@id\":\"https:\/\/gogle-shop.pl\/#\/schema\/logo\/image\/\"}},{\"@type\":\"Question\",\"@id\":\"https:\/\/gogle-shop.pl\/?page_id=196#faq-question-1712515569687\",\"position\":1,\"url\":\"https:\/\/gogle-shop.pl\/?page_id=196#faq-question-1712515569687\",\"name\":\"Jak mog\u0119 sprawdzi\u0107 status zam\u00f3wienia?\",\"answerCount\":1,\"acceptedAnswer\":{\"@type\":\"Answer\",\"text\":\"Aby sprawdzi\u0107 status zam\u00f3wienia nale\u017cy zalogowa\u0107 si\u0119 na swoim koncie Gogle-Shop. Informacje dotycz\u0105ce kolejnego etapu realizacji s\u0105 na bie\u017c\u0105co przesy\u0142ane drog\u0105 mailow\u0105 do klient\u00f3w.\",\"inLanguage\":\"pl-PL\"},\"inLanguage\":\"pl-PL\"},{\"@type\":\"Question\",\"@id\":\"https:\/\/gogle-shop.pl\/?page_id=196#faq-question-1712515648763\",\"position\":2,\"url\":\"https:\/\/gogle-shop.pl\/?page_id=196#faq-question-1712515648763\",\"name\":\"Gdzie mog\u0119 umie\u015bci\u0107 komentarz do zam\u00f3wienia?\",\"answerCount\":1,\"acceptedAnswer\":{\"@type\":\"Answer\",\"text\":\"Komentarz do zam\u00f3wienia mo\u017cna zamie\u015bci\u0107 podczas zakupu okular\u00f3w online w jednym z ko\u0144cowych etap\u00f3w uzupe\u0142niania niezb\u0119dnych informacji.\",\"inLanguage\":\"pl-PL\"},\"inLanguage\":\"pl-PL\"},{\"@type\":\"Question\",\"@id\":\"https:\/\/gogle-shop.pl\/?page_id=196#faq-question-1712515672732\",\"position\":3,\"url\":\"https:\/\/gogle-shop.pl\/?page_id=196#faq-question-1712515672732\",\"name\":\"Ile wynosi czas realizacji zam\u00f3wienia?\",\"answerCount\":1,\"acceptedAnswer\":{\"@type\":\"Answer\",\"text\":\"Wysy\u0142amy okulary w ci\u0105gu 1-2 dni roboczych od momentu op\u0142acenia zam\u00f3wnienia. \",\"inLanguage\":\"pl-PL\"},\"inLanguage\":\"pl-PL\"},{\"@type\":\"Question\",\"@id\":\"https:\/\/gogle-shop.pl\/?page_id=196#faq-question-1712515779439\",\"position\":4,\"url\":\"https:\/\/gogle-shop.pl\/?page_id=196#faq-question-1712515779439\",\"name\":\"Co dostan\u0119 razem z okularami?\",\"answerCount\":1,\"acceptedAnswer\":{\"@type\":\"Answer\",\"text\":\"Do okular\u00f3w ka\u017cdy otrzymuje gratis w postaci etui. \",\"inLanguage\":\"pl-PL\"},\"inLanguage\":\"pl-PL\"},{\"@type\":\"Question\",\"@id\":\"https:\/\/gogle-shop.pl\/?page_id=196#faq-question-1712515798724\",\"position\":5,\"url\":\"https:\/\/gogle-shop.pl\/?page_id=196#faq-question-1712515798724\",\"name\":\"Czy oferujecie karty podarunkowe?\",\"answerCount\":1,\"acceptedAnswer\":{\"@type\":\"Answer\",\"text\":\"Oczywi\u015bcie dajemy mo\u017cliwo\u015b\u0107 zakupu karty podarunkowej do naszego sklepu, kt\u00f3r\u0105 mo\u017cna obdarowa\u0107 kogo\u015b bliskiego. Kart\u0119 mo\u017cna naby\u0107 poprzez nasz\u0105 stron\u0119 internetow\u0105 w formie elektronicznej lub fizycznej.\",\"inLanguage\":\"pl-PL\"},\"inLanguage\":\"pl-PL\"},{\"@type\":\"Question\",\"@id\":\"https:\/\/gogle-shop.pl\/?page_id=196#faq-question-1712515898967\",\"position\":6,\"url\":\"https:\/\/gogle-shop.pl\/?page_id=196#faq-question-1712515898967\",\"name\":\"Czy okulary zam\u00f3wione przez internet mog\u0119 odebra\u0107 osobi\u015bcie?\",\"answerCount\":1,\"acceptedAnswer\":{\"@type\":\"Answer\",\"text\":\"Nie mamy takiej mo\u017cliwo\u015bci.\",\"inLanguage\":\"pl-PL\"},\"inLanguage\":\"pl-PL\"},{\"@type\":\"Question\",\"@id\":\"https:\/\/gogle-shop.pl\/?page_id=196#faq-question-1712515966176\",\"position\":7,\"url\":\"https:\/\/gogle-shop.pl\/?page_id=196#faq-question-1712515966176\",\"name\":\"Czy wystawiacie faktur\u0119 na firm\u0119\/osob\u0119 fizyczn\u0105?\",\"answerCount\":1,\"acceptedAnswer\":{\"@type\":\"Answer\",\"text\":\"Oczywi\u015bcie wystawiamy faktury za zakup okular\u00f3w, faktura mo\u017ce by\u0107 wygenerowana na dane firmy lub na osob\u0119 fizyczn\u0105 podan\u0105 w formularzu zam\u00f3wienia.\",\"inLanguage\":\"pl-PL\"},\"inLanguage\":\"pl-PL\"},{\"@type\":\"Question\",\"@id\":\"https:\/\/gogle-shop.pl\/?page_id=196#faq-question-1712516031322\",\"position\":8,\"url\":\"https:\/\/gogle-shop.pl\/?page_id=196#faq-question-1712516031322\",\"name\":\"Kiedy dostan\u0119 faktur\u0119?\",\"answerCount\":1,\"acceptedAnswer\":{\"@type\":\"Answer\",\"text\":\"Faktura zostanie przes\u0142ana drog\u0105 mailow\u0105 po z\u0142o\u017ceniu zam\u00f3wienia, w trakcie jego przygotowania lub gdy okulary zostan\u0105 wys\u0142ane.\",\"inLanguage\":\"pl-PL\"},\"inLanguage\":\"pl-PL\"}]}<\/script>\n<!-- \/ Yoast SEO plugin. -->","yoast_head_json":{"title":"FAQ - Gogle-Shop","robots":{"index":"index","follow":"follow","max-snippet":"max-snippet:-1","max-image-preview":"max-image-preview:large","max-video-preview":"max-video-preview:-1"},"canonical":"https:\/\/gogle-shop.pl\/?page_id=196","og_locale":"pl_PL","og_type":"article","og_title":"FAQ - Gogle-Shop","og_url":"https:\/\/gogle-shop.pl\/?page_id=196","og_site_name":"Gogle-Shop","article_modified_time":"2024-04-19T19:36:26+00:00","og_image":[{"url":"https:\/\/gogle-shop.pl\/wp-content\/uploads\/2024\/04\/Grafika_bez_nazwy-30-1024x85.jpg"}],"twitter_card":"summary_large_image","twitter_misc":{"Szacowany czas czytania":"2 minuty"},"schema":{"@context":"https:\/\/schema.org","@graph":[{"@type":["WebPage","FAQPage"],"@id":"https:\/\/gogle-shop.pl\/?page_id=196","url":"https:\/\/gogle-shop.pl\/?page_id=196","name":"FAQ - Gogle-Shop","isPartOf":{"@id":"https:\/\/gogle-shop.pl\/#website"},"primaryImageOfPage":{"@id":"https:\/\/gogle-shop.pl\/?page_id=196#primaryimage"},"image":{"@id":"https:\/\/gogle-shop.pl\/?page_id=196#primaryimage"},"thumbnailUrl":"https:\/\/gogle-shop.pl\/wp-content\/uploads\/2024\/04\/Grafika_bez_nazwy-30-1024x85.jpg","datePublished":"2024-04-07T18:43:16+00:00","dateModified":"2024-04-19T19:36:26+00:00","breadcrumb":{"@id":"https:\/\/gogle-shop.pl\/?page_id=196#breadcrumb"},"mainEntity":[{"@id":"https:\/\/gogle-shop.pl\/?page_id=196#faq-question-1712515569687"},{"@id":"https:\/\/gogle-shop.pl\/?page_id=196#faq-question-1712515648763"},{"@id":"https:\/\/gogle-shop.pl\/?page_id=196#faq-question-1712515672732"},{"@id":"https:\/\/gogle-shop.pl\/?page_id=196#faq-question-1712515779439"},{"@id":"https:\/\/gogle-shop.pl\/?page_id=196#faq-question-1712515798724"},{"@id":"https:\/\/gogle-shop.pl\/?page_id=196#faq-question-1712515898967"},{"@id":"https:\/\/gogle-shop.pl\/?page_id=196#faq-question-1712515966176"},{"@id":"https:\/\/gogle-shop.pl\/?page_id=196#faq-question-1712516031322"}],"inLanguage":"pl-PL","potentialAction":[{"@type":"ReadAction","target":["https:\/\/gogle-shop.pl\/?page_id=196"]}]},{"@type":"ImageObject","inLanguage":"pl-PL","@id":"https:\/\/gogle-shop.pl\/?page_id=196#primaryimage","url":"https:\/\/gogle-shop.pl\/wp-content\/uploads\/2024\/04\/Grafika_bez_nazwy-30.jpg","contentUrl":"https:\/\/gogle-shop.pl\/wp-content\/uploads\/2024\/04\/Grafika_bez_nazwy-30.jpg","width":1200,"height":100},{"@type":"BreadcrumbList","@id":"https:\/\/gogle-shop.pl\/?page_id=196#breadcrumb","itemListElement":[{"@type":"ListItem","position":1,"name":"Strona g\u0142\u00f3wna","item":"https:\/\/gogle-shop.pl\/"},{"@type":"ListItem","position":2,"name":"FAQ"}]},{"@type":"WebSite","@id":"https:\/\/gogle-shop.pl\/#website","url":"https:\/\/gogle-shop.pl\/","name":"Gogle-Shop","description":"","publisher":{"@id":"https:\/\/gogle-shop.pl\/#organization"},"potentialAction":[{"@type":"SearchAction","target":{"@type":"EntryPoint","urlTemplate":"https:\/\/gogle-shop.pl\/?s={search_term_string}"},"query-input":"required name=search_term_string"}],"inLanguage":"pl-PL"},{"@type":"Organization","@id":"https:\/\/gogle-shop.pl\/#organization","name":"Gogle-Shop","url":"https:\/\/gogle-shop.pl\/","logo":{"@type":"ImageObject","inLanguage":"pl-PL","@id":"https:\/\/gogle-shop.pl\/#\/schema\/logo\/image\/","url":"https:\/\/gogle-shop.pl\/wp-content\/uploads\/2024\/04\/IMG_4649.png","contentUrl":"https:\/\/gogle-shop.pl\/wp-content\/uploads\/2024\/04\/IMG_4649.png","width":2048,"height":2048,"caption":"Gogle-Shop"},"image":{"@id":"https:\/\/gogle-shop.pl\/#\/schema\/logo\/image\/"}},{"@type":"Question","@id":"https:\/\/gogle-shop.pl\/?page_id=196#faq-question-1712515569687","position":1,"url":"https:\/\/gogle-shop.pl\/?page_id=196#faq-question-1712515569687","name":"Jak mog\u0119 sprawdzi\u0107 status zam\u00f3wienia?","answerCount":1,"acceptedAnswer":{"@type":"Answer","text":"Aby sprawdzi\u0107 status zam\u00f3wienia nale\u017cy zalogowa\u0107 si\u0119 na swoim koncie Gogle-Shop. Informacje dotycz\u0105ce kolejnego etapu realizacji s\u0105 na bie\u017c\u0105co przesy\u0142ane drog\u0105 mailow\u0105 do klient\u00f3w.","inLanguage":"pl-PL"},"inLanguage":"pl-PL"},{"@type":"Question","@id":"https:\/\/gogle-shop.pl\/?page_id=196#faq-question-1712515648763","position":2,"url":"https:\/\/gogle-shop.pl\/?page_id=196#faq-question-1712515648763","name":"Gdzie mog\u0119 umie\u015bci\u0107 komentarz do zam\u00f3wienia?","answerCount":1,"acceptedAnswer":{"@type":"Answer","text":"Komentarz do zam\u00f3wienia mo\u017cna zamie\u015bci\u0107 podczas zakupu okular\u00f3w online w jednym z ko\u0144cowych etap\u00f3w uzupe\u0142niania niezb\u0119dnych informacji.","inLanguage":"pl-PL"},"inLanguage":"pl-PL"},{"@type":"Question","@id":"https:\/\/gogle-shop.pl\/?page_id=196#faq-question-1712515672732","position":3,"url":"https:\/\/gogle-shop.pl\/?page_id=196#faq-question-1712515672732","name":"Ile wynosi czas realizacji zam\u00f3wienia?","answerCount":1,"acceptedAnswer":{"@type":"Answer","text":"Wysy\u0142amy okulary w ci\u0105gu 1-2 dni roboczych od momentu op\u0142acenia zam\u00f3wnienia. ","inLanguage":"pl-PL"},"inLanguage":"pl-PL"},{"@type":"Question","@id":"https:\/\/gogle-shop.pl\/?page_id=196#faq-question-1712515779439","position":4,"url":"https:\/\/gogle-shop.pl\/?page_id=196#faq-question-1712515779439","name":"Co dostan\u0119 razem z okularami?","answerCount":1,"acceptedAnswer":{"@type":"Answer","text":"Do okular\u00f3w ka\u017cdy otrzymuje gratis w postaci etui. ","inLanguage":"pl-PL"},"inLanguage":"pl-PL"},{"@type":"Question","@id":"https:\/\/gogle-shop.pl\/?page_id=196#faq-question-1712515798724","position":5,"url":"https:\/\/gogle-shop.pl\/?page_id=196#faq-question-1712515798724","name":"Czy oferujecie karty podarunkowe?","answerCount":1,"acceptedAnswer":{"@type":"Answer","text":"Oczywi\u015bcie dajemy mo\u017cliwo\u015b\u0107 zakupu karty podarunkowej do naszego sklepu, kt\u00f3r\u0105 mo\u017cna obdarowa\u0107 kogo\u015b bliskiego. Kart\u0119 mo\u017cna naby\u0107 poprzez nasz\u0105 stron\u0119 internetow\u0105 w formie elektronicznej lub fizycznej.","inLanguage":"pl-PL"},"inLanguage":"pl-PL"},{"@type":"Question","@id":"https:\/\/gogle-shop.pl\/?page_id=196#faq-question-1712515898967","position":6,"url":"https:\/\/gogle-shop.pl\/?page_id=196#faq-question-1712515898967","name":"Czy okulary zam\u00f3wione przez internet mog\u0119 odebra\u0107 osobi\u015bcie?","answerCount":1,"acceptedAnswer":{"@type":"Answer","text":"Nie mamy takiej mo\u017cliwo\u015bci.","inLanguage":"pl-PL"},"inLanguage":"pl-PL"},{"@type":"Question","@id":"https:\/\/gogle-shop.pl\/?page_id=196#faq-question-1712515966176","position":7,"url":"https:\/\/gogle-shop.pl\/?page_id=196#faq-question-1712515966176","name":"Czy wystawiacie faktur\u0119 na firm\u0119\/osob\u0119 fizyczn\u0105?","answerCount":1,"acceptedAnswer":{"@type":"Answer","text":"Oczywi\u015bcie wystawiamy faktury za zakup okular\u00f3w, faktura mo\u017ce by\u0107 wygenerowana na dane firmy lub na osob\u0119 fizyczn\u0105 podan\u0105 w formularzu zam\u00f3wienia.","inLanguage":"pl-PL"},"inLanguage":"pl-PL"},{"@type":"Question","@id":"https:\/\/gogle-shop.pl\/?page_id=196#faq-question-1712516031322","position":8,"url":"https:\/\/gogle-shop.pl\/?page_id=196#faq-question-1712516031322","name":"Kiedy dostan\u0119 faktur\u0119?","answerCount":1,"acceptedAnswer":{"@type":"Answer","text":"Faktura zostanie przes\u0142ana drog\u0105 mailow\u0105 po z\u0142o\u017ceniu zam\u00f3wienia, w trakcie jego przygotowania lub gdy okulary zostan\u0105 wys\u0142ane.","inLanguage":"pl-PL"},"inLanguage":"pl-PL"}]}},"_links":{"self":[{"href":"https:\/\/gogle-shop.pl\/index.php?rest_route=\/wp\/v2\/pages\/196","targetHints":{"allow":["GET"]}}],"collection":[{"href":"https:\/\/gogle-shop.pl\/index.php?rest_route=\/wp\/v2\/pages"}],"about":[{"href":"https:\/\/gogle-shop.pl\/index.php?rest_route=\/wp\/v2\/types\/page"}],"author":[{"embeddable":true,"href":"https:\/\/gogle-shop.pl\/index.php?rest_route=\/wp\/v2\/users\/3"}],"replies":[{"embeddable":true,"href":"https:\/\/gogle-shop.pl\/index.php?rest_route=%2Fwp%2Fv2%2Fcomments&post=196"}],"version-history":[{"count":20,"href":"https:\/\/gogle-shop.pl\/index.php?rest_route=\/wp\/v2\/pages\/196\/revisions"}],"predecessor-version":[{"id":414,"href":"https:\/\/gogle-shop.pl\/index.php?rest_route=\/wp\/v2\/pages\/196\/revisions\/414"}],"wp:attachment":[{"href":"https:\/\/gogle-shop.pl\/index.php?rest_route=%2Fwp%2Fv2%2Fmedia&parent=196"}],"curies":[{"name":"wp","href":"https:\/\/api.w.org\/{rel}","templated":true}]}}