{"id":3,"date":"2024-04-02T16:11:29","date_gmt":"2024-04-02T14:11:29","guid":{"rendered":"http:\/\/gogle-shop.pl\/?page_id=3"},"modified":"2024-04-18T09:46:09","modified_gmt":"2024-04-18T07:46:09","slug":"polityka-prywatnosci","status":"publish","type":"page","link":"https:\/\/gogle-shop.pl\/?page_id=3","title":{"rendered":"Polityka prywatno\u015bci"},"content":{"rendered":"\n<hr class=\"wp-block-separator has-alpha-channel-opacity is-style-wide\" style=\"margin-top:0;margin-bottom:0\"\/>\n\n\n\n<div class=\"wp-block-columns alignfull is-layout-flex wp-container-core-columns-is-layout-28f84493 wp-block-columns-is-layout-flex\">\n<div class=\"wp-block-column is-layout-flow wp-block-column-is-layout-flow\">\n<figure class=\"wp-block-image size-large\"><img loading=\"lazy\" decoding=\"async\" width=\"1024\" height=\"85\" src=\"https:\/\/gogle-shop.pl\/wp-content\/uploads\/2024\/04\/Grafika_bez_nazwy-27-1024x85.jpg\" alt=\"\" class=\"wp-image-368\" srcset=\"https:\/\/gogle-shop.pl\/wp-content\/uploads\/2024\/04\/Grafika_bez_nazwy-27-1024x85.jpg 1024w, https:\/\/gogle-shop.pl\/wp-content\/uploads\/2024\/04\/Grafika_bez_nazwy-27-600x50.jpg 600w, https:\/\/gogle-shop.pl\/wp-content\/uploads\/2024\/04\/Grafika_bez_nazwy-27-300x25.jpg 300w, https:\/\/gogle-shop.pl\/wp-content\/uploads\/2024\/04\/Grafika_bez_nazwy-27-768x64.jpg 768w, https:\/\/gogle-shop.pl\/wp-content\/uploads\/2024\/04\/Grafika_bez_nazwy-27.jpg 1200w\" sizes=\"auto, (max-width: 1024px) 100vw, 1024px\" \/><\/figure>\n<\/div>\n<\/div>\n\n\n\n<div class=\"wp-block-columns is-layout-flex wp-container-core-columns-is-layout-8d88fe0f wp-block-columns-is-layout-flex\" style=\"padding-top:var(--wp--preset--spacing--20);padding-bottom:var(--wp--preset--spacing--20)\">\n<div class=\"wp-block-column is-layout-flow wp-block-column-is-layout-flow\">\n<p>Polityka prywatno\u015bci serwisu <strong>www.gogle-shop.pl<\/strong><\/p>\n\n\n\n<ol class=\"wp-block-list\">\n<li>Informacje og\u00f3lne<br>Niniejsza Polityka Prywatno\u015bci okre\u015bla zasady przetwarzania i ochrony danych osobowych przekazanych przez U\u017cytkownik\u00f3w w zwi\u0105zku z korzystaniem przez nich z us\u0142ug <strong>Gogle Shop<\/strong>&nbsp;poprzez Serwis.<\/li>\n\n\n\n<li>Administratorem danych osobowych zawartych w serwisie jest barna\u015b.info Gracjan Barna\u015b z siedzib\u0105 pod adresem \u0141ukowo 11A, 64-600 Oborniki.<\/li>\n\n\n\n<li>W trosce o bezpiecze\u0144stwo powierzonych nam danych opracowali\u015bmy wewn\u0119trzne procedury i zalecenia, kt\u00f3re maj\u0105 zapobiec udost\u0119pnieniu danych osobom nieupowa\u017cnionym. <br>Kontrolujemy ich wykonywanie i stale sprawdzamy ich zgodno\u015b\u0107 z odpowiednimi aktami prawnymi \u2013 ustaw\u0105 o ochronie danych osobowych, ustaw\u0105 o \u015bwiadczeniu us\u0142ug drog\u0105 elektroniczn\u0105, a tak\u017ce wszelkiego rodzaju aktach wykonawczych i aktach prawa wsp\u00f3lnotowego.<\/li>\n\n\n\n<li>Dane Osobowe przetwarzane s\u0105 na podstawie zgody wyra\u017canej przez u\u017cytkownika oraz w przypadkach, w kt\u00f3rych przepisy prawa upowa\u017cniaj\u0105 Administratora do przetwarzania danych osobowych na podstawie przepis\u00f3w prawa lub w celu realizacji zawartej pomi\u0119dzy stronami umowy.<\/li>\n\n\n\n<li>Serwis realizuje funkcje pozyskiwania informacji o u\u017cytkownikach i ich zachowania w nast\u0119puj\u0105cy spos\u00f3b:<br>a) poprzez dobrowolnie wprowadzone w formularzach informacje<br>b) poprzez gromadzenie plik\u00f3w \u201ccookies\u201d [patrz polityka plik\u00f3w \u201ccookies\u201d].<\/li>\n\n\n\n<li>Serwis zbiera informacje dobrowolnie podane przez u\u017cytkownika.<\/li>\n\n\n\n<li>Dane podane w formularzu s\u0105 przetwarzane w celu wynikaj\u0105cym z funkcji konkretnego formularza <br>np. w celu dokonania procesu obs\u0142ugi kontaktu informacyjnego.<\/li>\n\n\n\n<li>Dane osobowe pozostawione w serwisie nie zostan\u0105 sprzedane ani udost\u0119pnione osobom trzecim, zgodnie z przepisami ustawy o ochronie danych osobowych.<\/li>\n\n\n\n<li>Do danych zawartych w formularzu przys\u0142uguje wgl\u0105d osobie fizycznej, kt\u00f3ra je tam umie\u015bci\u0142a. <br>Osoba ta ma r\u00f3wnie\u017c prawo do modyfikacji i zaprzestania przetwarzania swoich danych w dowolnym momencie.<\/li>\n\n\n\n<li>Zastrzegamy sobie prawo do zmiany w polityce ochrony prywatno\u015bci serwisu, na kt\u00f3re mo\u017ce wp\u0142yn\u0105\u0107 rozw\u00f3j technologii internetowej, ewentualne zmiany prawa w zakresie ochrony danych osobowych oraz rozw\u00f3j naszego serwisu internetowego. O wszelkich zmianach b\u0119dziemy informowa\u0107 w spos\u00f3b widoczny i zrozumia\u0142y.<\/li>\n\n\n\n<li>W serwisie mog\u0105 pojawia\u0107 si\u0119 linki do innych stron internetowych. Takie strony internetowe dzia\u0142aj\u0105 niezale\u017cnie od serwisu i nie s\u0105 w \u017caden spos\u00f3b nadzorowane przez serwis www.gogle-shop.pl <br>Strony te mog\u0105 posiada\u0107 w\u0142asne polityki dotycz\u0105ce prywatno\u015bci oraz regulaminy, z kt\u00f3rymi zalecamy si\u0119 zapozna\u0107. W razie w\u0105tpliwo\u015bci co kt\u00f3regokolwiek z zapis\u00f3w niniejszej polityki prywatno\u015bci jeste\u015bmy do dyspozycji \u2013 nasze dane znale\u017a\u0107 mo\u017cna w zak\u0142adce \u2013&nbsp;<a href=\"https:\/\/gogle-shop.pl\/?page_id=143\" target=\"_blank\" rel=\"noreferrer noopener\">KONTAKT<\/a>.<\/li>\n\n\n\n<li>Je\u015bli chcesz usun\u0105\u0107 swoje dane wype\u0142nij poni\u017cszy formularz.<\/li>\n<\/ol>\n\n\n\n<div class=\"wpcf7 no-js\" id=\"wpcf7-f181-o1\" lang=\"pl-PL\" dir=\"ltr\" data-wpcf7-id=\"181\">\n<div class=\"screen-reader-response\"><p role=\"status\" aria-live=\"polite\" aria-atomic=\"true\"><\/p> <ul><\/ul><\/div>\n<form action=\"\/index.php?rest_route=%2Fwp%2Fv2%2Fpages%2F3#wpcf7-f181-o1\" method=\"post\" class=\"wpcf7-form init\" aria-label=\"Formularz kontaktowy\" novalidate=\"novalidate\" data-status=\"init\">\n<fieldset class=\"hidden-fields-container\"><input type=\"hidden\" name=\"_wpcf7\" value=\"181\" \/><input type=\"hidden\" name=\"_wpcf7_version\" value=\"6.1.5\" \/><input type=\"hidden\" name=\"_wpcf7_locale\" value=\"pl_PL\" \/><input type=\"hidden\" name=\"_wpcf7_unit_tag\" value=\"wpcf7-f181-o1\" \/><input type=\"hidden\" name=\"_wpcf7_container_post\" value=\"0\" \/><input type=\"hidden\" name=\"_wpcf7_posted_data_hash\" value=\"\" \/><input type=\"hidden\" name=\"_wpcf7_recaptcha_response\" value=\"\" \/>\n<\/fieldset>\n<p><label> Twoje imi\u0119 i nazwisko<br \/>\n<span class=\"wpcf7-form-control-wrap\" data-name=\"your-name\"><input size=\"40\" maxlength=\"400\" class=\"wpcf7-form-control wpcf7-text wpcf7-validates-as-required\" autocomplete=\"name\" aria-required=\"true\" aria-invalid=\"false\" value=\"\" type=\"text\" name=\"your-name\" \/><\/span> <\/label>\n<\/p>\n<p><label> Tw\u00f3j adres e-mail<br \/>\n<span class=\"wpcf7-form-control-wrap\" data-name=\"your-email\"><input size=\"40\" maxlength=\"400\" class=\"wpcf7-form-control wpcf7-email wpcf7-validates-as-required wpcf7-text wpcf7-validates-as-email\" autocomplete=\"email\" aria-required=\"true\" aria-invalid=\"false\" value=\"\" type=\"email\" name=\"your-email\" \/><\/span> <\/label>\n<\/p>\n<p><label> Temat<br \/>\n<span class=\"wpcf7-form-control-wrap\" data-name=\"your-subject\"><input size=\"40\" maxlength=\"400\" class=\"wpcf7-form-control wpcf7-text wpcf7-validates-as-required\" aria-required=\"true\" aria-invalid=\"false\" value=\"\" type=\"text\" name=\"your-subject\" \/><\/span> <\/label>\n<\/p>\n<p><label> Twoja wiadomo\u015bci (opcjonalne)<br \/>\n<span class=\"wpcf7-form-control-wrap\" data-name=\"your-message\"><textarea cols=\"40\" rows=\"10\" maxlength=\"2000\" class=\"wpcf7-form-control wpcf7-textarea\" aria-invalid=\"false\" name=\"your-message\"><\/textarea><\/span> <\/label>\n<\/p>\n<p><input class=\"wpcf7-form-control wpcf7-submit has-spinner\" type=\"submit\" value=\"Wy\u015blij\" \/>\n<\/p><div class=\"wpcf7-response-output\" aria-hidden=\"true\"><\/div>\n<\/form>\n<\/div>\n\n<\/div>\n<\/div>\n","protected":false},"excerpt":{"rendered":"<p>Polityka prywatno\u015bci serwisu www.gogle-shop.pl<\/p>\n","protected":false},"author":1,"featured_media":0,"parent":0,"menu_order":0,"comment_status":"closed","ping_status":"open","template":"","meta":{"site-sidebar-layout":"default","site-content-layout":"","ast-site-content-layout":"","site-content-style":"default","site-sidebar-style":"default","ast-global-header-display":"","ast-banner-title-visibility":"","ast-main-header-display":"","ast-hfb-above-header-display":"","ast-hfb-below-header-display":"","ast-hfb-mobile-header-display":"","site-post-title":"disabled","ast-breadcrumbs-content":"","ast-featured-img":"","footer-sml-layout":"","theme-transparent-header-meta":"","adv-header-id-meta":"","stick-header-meta":"","header-above-stick-meta":"","header-main-stick-meta":"","header-below-stick-meta":"","astra-migrate-meta-layouts":"default","ast-page-background-enabled":"default","ast-page-background-meta":{"desktop":{"background-color":"var(--ast-global-color-4)","background-image":"","background-repeat":"repeat","background-position":"center center","background-size":"auto","background-attachment":"scroll","background-type":"","background-media":"","overlay-type":"","overlay-color":"","overlay-gradient":""},"tablet":{"background-color":"","background-image":"","background-repeat":"repeat","background-position":"center center","background-size":"auto","background-attachment":"scroll","background-type":"","background-media":"","overlay-type":"","overlay-color":"","overlay-gradient":""},"mobile":{"background-color":"","background-image":"","background-repeat":"repeat","background-position":"center center","background-size":"auto","background-attachment":"scroll","background-type":"","background-media":"","overlay-type":"","overlay-color":"","overlay-gradient":""}},"ast-content-background-meta":{"desktop":{"background-color":"var(--ast-global-color-5)","background-image":"","background-repeat":"repeat","background-position":"center center","background-size":"auto","background-attachment":"scroll","background-type":"","background-media":"","overlay-type":"","overlay-color":"","overlay-gradient":""},"tablet":{"background-color":"var(--ast-global-color-5)","background-image":"","background-repeat":"repeat","background-position":"center center","background-size":"auto","background-attachment":"scroll","background-type":"","background-media":"","overlay-type":"","overlay-color":"","overlay-gradient":""},"mobile":{"background-color":"var(--ast-global-color-5)","background-image":"","background-repeat":"repeat","background-position":"center center","background-size":"auto","background-attachment":"scroll","background-type":"","background-media":"","overlay-type":"","overlay-color":"","overlay-gradient":""}},"footnotes":""},"class_list":["post-3","page","type-page","status-publish","hentry"],"yoast_head":"<!-- This site is optimized with the Yoast SEO plugin v22.7 - https:\/\/yoast.com\/wordpress\/plugins\/seo\/ -->\n<title>Polityka prywatno\u015bci - Gogle-Shop<\/title>\n<meta name=\"robots\" content=\"index, follow, max-snippet:-1, max-image-preview:large, max-video-preview:-1\" \/>\n<link rel=\"canonical\" href=\"https:\/\/gogle-shop.pl\/?page_id=3\" \/>\n<meta property=\"og:locale\" content=\"pl_PL\" \/>\n<meta property=\"og:type\" content=\"article\" \/>\n<meta property=\"og:title\" content=\"Polityka prywatno\u015bci - Gogle-Shop\" \/>\n<meta property=\"og:description\" content=\"Polityka prywatno\u015bci serwisu www.gogle-shop.pl\" \/>\n<meta property=\"og:url\" content=\"https:\/\/gogle-shop.pl\/?page_id=3\" \/>\n<meta property=\"og:site_name\" content=\"Gogle-Shop\" \/>\n<meta property=\"article:modified_time\" content=\"2024-04-18T07:46:09+00:00\" \/>\n<meta property=\"og:image\" content=\"https:\/\/gogle-shop.pl\/wp-content\/uploads\/2024\/04\/Grafika_bez_nazwy-27-1024x85.jpg\" \/>\n<meta name=\"twitter:card\" content=\"summary_large_image\" \/>\n<meta name=\"twitter:label1\" content=\"Szacowany czas czytania\" \/>\n\t<meta name=\"twitter:data1\" content=\"3 minuty\" \/>\n<script type=\"application\/ld+json\" class=\"yoast-schema-graph\">{\"@context\":\"https:\/\/schema.org\",\"@graph\":[{\"@type\":\"WebPage\",\"@id\":\"https:\/\/gogle-shop.pl\/?page_id=3\",\"url\":\"https:\/\/gogle-shop.pl\/?page_id=3\",\"name\":\"Polityka prywatno\u015bci - Gogle-Shop\",\"isPartOf\":{\"@id\":\"https:\/\/gogle-shop.pl\/#website\"},\"primaryImageOfPage\":{\"@id\":\"https:\/\/gogle-shop.pl\/?page_id=3#primaryimage\"},\"image\":{\"@id\":\"https:\/\/gogle-shop.pl\/?page_id=3#primaryimage\"},\"thumbnailUrl\":\"https:\/\/gogle-shop.pl\/wp-content\/uploads\/2024\/04\/Grafika_bez_nazwy-27-1024x85.jpg\",\"datePublished\":\"2024-04-02T14:11:29+00:00\",\"dateModified\":\"2024-04-18T07:46:09+00:00\",\"breadcrumb\":{\"@id\":\"https:\/\/gogle-shop.pl\/?page_id=3#breadcrumb\"},\"inLanguage\":\"pl-PL\",\"potentialAction\":[{\"@type\":\"ReadAction\",\"target\":[\"https:\/\/gogle-shop.pl\/?page_id=3\"]}]},{\"@type\":\"ImageObject\",\"inLanguage\":\"pl-PL\",\"@id\":\"https:\/\/gogle-shop.pl\/?page_id=3#primaryimage\",\"url\":\"https:\/\/gogle-shop.pl\/wp-content\/uploads\/2024\/04\/Grafika_bez_nazwy-27.jpg\",\"contentUrl\":\"https:\/\/gogle-shop.pl\/wp-content\/uploads\/2024\/04\/Grafika_bez_nazwy-27.jpg\",\"width\":1200,\"height\":100},{\"@type\":\"BreadcrumbList\",\"@id\":\"https:\/\/gogle-shop.pl\/?page_id=3#breadcrumb\",\"itemListElement\":[{\"@type\":\"ListItem\",\"position\":1,\"name\":\"Strona g\u0142\u00f3wna\",\"item\":\"https:\/\/gogle-shop.pl\/\"},{\"@type\":\"ListItem\",\"position\":2,\"name\":\"Polityka prywatno\u015bci\"}]},{\"@type\":\"WebSite\",\"@id\":\"https:\/\/gogle-shop.pl\/#website\",\"url\":\"https:\/\/gogle-shop.pl\/\",\"name\":\"Gogle-Shop\",\"description\":\"\",\"publisher\":{\"@id\":\"https:\/\/gogle-shop.pl\/#organization\"},\"potentialAction\":[{\"@type\":\"SearchAction\",\"target\":{\"@type\":\"EntryPoint\",\"urlTemplate\":\"https:\/\/gogle-shop.pl\/?s={search_term_string}\"},\"query-input\":\"required name=search_term_string\"}],\"inLanguage\":\"pl-PL\"},{\"@type\":\"Organization\",\"@id\":\"https:\/\/gogle-shop.pl\/#organization\",\"name\":\"Gogle-Shop\",\"url\":\"https:\/\/gogle-shop.pl\/\",\"logo\":{\"@type\":\"ImageObject\",\"inLanguage\":\"pl-PL\",\"@id\":\"https:\/\/gogle-shop.pl\/#\/schema\/logo\/image\/\",\"url\":\"https:\/\/gogle-shop.pl\/wp-content\/uploads\/2024\/04\/IMG_4649.png\",\"contentUrl\":\"https:\/\/gogle-shop.pl\/wp-content\/uploads\/2024\/04\/IMG_4649.png\",\"width\":2048,\"height\":2048,\"caption\":\"Gogle-Shop\"},\"image\":{\"@id\":\"https:\/\/gogle-shop.pl\/#\/schema\/logo\/image\/\"}}]}<\/script>\n<!-- \/ Yoast SEO plugin. -->","yoast_head_json":{"title":"Polityka prywatno\u015bci - Gogle-Shop","robots":{"index":"index","follow":"follow","max-snippet":"max-snippet:-1","max-image-preview":"max-image-preview:large","max-video-preview":"max-video-preview:-1"},"canonical":"https:\/\/gogle-shop.pl\/?page_id=3","og_locale":"pl_PL","og_type":"article","og_title":"Polityka prywatno\u015bci - Gogle-Shop","og_description":"Polityka prywatno\u015bci serwisu www.gogle-shop.pl","og_url":"https:\/\/gogle-shop.pl\/?page_id=3","og_site_name":"Gogle-Shop","article_modified_time":"2024-04-18T07:46:09+00:00","og_image":[{"url":"https:\/\/gogle-shop.pl\/wp-content\/uploads\/2024\/04\/Grafika_bez_nazwy-27-1024x85.jpg"}],"twitter_card":"summary_large_image","twitter_misc":{"Szacowany czas czytania":"3 minuty"},"schema":{"@context":"https:\/\/schema.org","@graph":[{"@type":"WebPage","@id":"https:\/\/gogle-shop.pl\/?page_id=3","url":"https:\/\/gogle-shop.pl\/?page_id=3","name":"Polityka prywatno\u015bci - Gogle-Shop","isPartOf":{"@id":"https:\/\/gogle-shop.pl\/#website"},"primaryImageOfPage":{"@id":"https:\/\/gogle-shop.pl\/?page_id=3#primaryimage"},"image":{"@id":"https:\/\/gogle-shop.pl\/?page_id=3#primaryimage"},"thumbnailUrl":"https:\/\/gogle-shop.pl\/wp-content\/uploads\/2024\/04\/Grafika_bez_nazwy-27-1024x85.jpg","datePublished":"2024-04-02T14:11:29+00:00","dateModified":"2024-04-18T07:46:09+00:00","breadcrumb":{"@id":"https:\/\/gogle-shop.pl\/?page_id=3#breadcrumb"},"inLanguage":"pl-PL","potentialAction":[{"@type":"ReadAction","target":["https:\/\/gogle-shop.pl\/?page_id=3"]}]},{"@type":"ImageObject","inLanguage":"pl-PL","@id":"https:\/\/gogle-shop.pl\/?page_id=3#primaryimage","url":"https:\/\/gogle-shop.pl\/wp-content\/uploads\/2024\/04\/Grafika_bez_nazwy-27.jpg","contentUrl":"https:\/\/gogle-shop.pl\/wp-content\/uploads\/2024\/04\/Grafika_bez_nazwy-27.jpg","width":1200,"height":100},{"@type":"BreadcrumbList","@id":"https:\/\/gogle-shop.pl\/?page_id=3#breadcrumb","itemListElement":[{"@type":"ListItem","position":1,"name":"Strona g\u0142\u00f3wna","item":"https:\/\/gogle-shop.pl\/"},{"@type":"ListItem","position":2,"name":"Polityka prywatno\u015bci"}]},{"@type":"WebSite","@id":"https:\/\/gogle-shop.pl\/#website","url":"https:\/\/gogle-shop.pl\/","name":"Gogle-Shop","description":"","publisher":{"@id":"https:\/\/gogle-shop.pl\/#organization"},"potentialAction":[{"@type":"SearchAction","target":{"@type":"EntryPoint","urlTemplate":"https:\/\/gogle-shop.pl\/?s={search_term_string}"},"query-input":"required name=search_term_string"}],"inLanguage":"pl-PL"},{"@type":"Organization","@id":"https:\/\/gogle-shop.pl\/#organization","name":"Gogle-Shop","url":"https:\/\/gogle-shop.pl\/","logo":{"@type":"ImageObject","inLanguage":"pl-PL","@id":"https:\/\/gogle-shop.pl\/#\/schema\/logo\/image\/","url":"https:\/\/gogle-shop.pl\/wp-content\/uploads\/2024\/04\/IMG_4649.png","contentUrl":"https:\/\/gogle-shop.pl\/wp-content\/uploads\/2024\/04\/IMG_4649.png","width":2048,"height":2048,"caption":"Gogle-Shop"},"image":{"@id":"https:\/\/gogle-shop.pl\/#\/schema\/logo\/image\/"}}]}},"_links":{"self":[{"href":"https:\/\/gogle-shop.pl\/index.php?rest_route=\/wp\/v2\/pages\/3","targetHints":{"allow":["GET"]}}],"collection":[{"href":"https:\/\/gogle-shop.pl\/index.php?rest_route=\/wp\/v2\/pages"}],"about":[{"href":"https:\/\/gogle-shop.pl\/index.php?rest_route=\/wp\/v2\/types\/page"}],"author":[{"embeddable":true,"href":"https:\/\/gogle-shop.pl\/index.php?rest_route=\/wp\/v2\/users\/1"}],"replies":[{"embeddable":true,"href":"https:\/\/gogle-shop.pl\/index.php?rest_route=%2Fwp%2Fv2%2Fcomments&post=3"}],"version-history":[{"count":9,"href":"https:\/\/gogle-shop.pl\/index.php?rest_route=\/wp\/v2\/pages\/3\/revisions"}],"predecessor-version":[{"id":387,"href":"https:\/\/gogle-shop.pl\/index.php?rest_route=\/wp\/v2\/pages\/3\/revisions\/387"}],"wp:attachment":[{"href":"https:\/\/gogle-shop.pl\/index.php?rest_route=%2Fwp%2Fv2%2Fmedia&parent=3"}],"curies":[{"name":"wp","href":"https:\/\/api.w.org\/{rel}","templated":true}]}}