{"id":398,"date":"2024-04-18T11:54:37","date_gmt":"2024-04-18T09:54:37","guid":{"rendered":"https:\/\/gogle-shop.pl\/?page_id=398"},"modified":"2024-04-21T17:37:54","modified_gmt":"2024-04-21T15:37:54","slug":"zwroty-i-reklamacje","status":"publish","type":"page","link":"https:\/\/gogle-shop.pl\/?page_id=398","title":{"rendered":"Zwroty i reklamacje"},"content":{"rendered":"\n<hr class=\"wp-block-separator has-alpha-channel-opacity is-style-wide\" style=\"margin-top:0;margin-bottom:0\"\/>\n\n\n\n<figure class=\"wp-block-image alignfull size-large\"><img loading=\"lazy\" decoding=\"async\" width=\"1024\" height=\"85\" src=\"https:\/\/gogle-shop.pl\/wp-content\/uploads\/2024\/04\/Grafika_bez_nazwy-33-1024x85.jpg\" alt=\"\" class=\"wp-image-399\" srcset=\"https:\/\/gogle-shop.pl\/wp-content\/uploads\/2024\/04\/Grafika_bez_nazwy-33-1024x85.jpg 1024w, https:\/\/gogle-shop.pl\/wp-content\/uploads\/2024\/04\/Grafika_bez_nazwy-33-600x50.jpg 600w, https:\/\/gogle-shop.pl\/wp-content\/uploads\/2024\/04\/Grafika_bez_nazwy-33-300x25.jpg 300w, https:\/\/gogle-shop.pl\/wp-content\/uploads\/2024\/04\/Grafika_bez_nazwy-33-768x64.jpg 768w, https:\/\/gogle-shop.pl\/wp-content\/uploads\/2024\/04\/Grafika_bez_nazwy-33.jpg 1200w\" sizes=\"auto, (max-width: 1024px) 100vw, 1024px\" \/><\/figure>\n\n\n\n<p><strong><mark style=\"background-color:rgba(0, 0, 0, 0)\" class=\"has-inline-color has-ast-global-color-0-color\">Zwrot produkt\u00f3w<\/mark><\/strong><\/p>\n\n\n\n<p>Zwrotu mo\u017cesz dokona\u0107 w ci\u0105gu 14 dni od dnia w kt\u00f3rym zosta\u0142a dostarczona paczka &#8211; odst\u0105pienie od umowy zawartej na odleg\u0142o\u015b\u0107. <br><br>1. Wydrukuj i wype\u0142nij &#8211; <em><a href=\"https:\/\/gogle-shop.pl\/wp-content\/uploads\/2024\/04\/Oswiadczenie-odstapienia-od-umowy.pdf\">O\u015bwiadczenie odst\u0105pienia od umowy<\/a><\/em><br>2. Spakuj i zabezpiecz okulary przed zniszczeniem w transporcie. Nie ponosimy odpowiedzialno\u015bci za ich uszkodzenia podczas przewozu. Nabywca odsy\u0142a okulary na sw\u00f3j koszt i ryzyko. <br>Uwaga\u2757\ufe0fOkulary nie mog\u0105 nosi\u0107 \u015blad\u00f3w u\u017cytkowania, a tak\u017ce powinny zawiera\u0107 fabryczn\u0105 etykiet\u0119.<br>3. Produkt i wype\u0142nione o\u015bwiadczenie prze\u015blij na adres:<br><strong>Gogle Shop<br>\u0141ukowo 11A<br>64-600 Oborniki<\/strong><\/p>\n\n\n\n<p><\/p>\n\n\n\n<p><strong><mark style=\"background-color:rgba(0, 0, 0, 0)\" class=\"has-inline-color has-ast-global-color-1-color\">Reklamacja produkt\u00f3w<\/mark><\/strong><\/p>\n\n\n\n<p>Je\u017celi otrzyma\u0142e\u015b wadliwy produkt &#8211; napisz do nas e-maila na &#8211; administracja@gogle-shop.pl &#8211; Zajmiemy si\u0119 tym \ud83d\ude0e <em>mo\u017cesz to zrobi\u0107 poprzez zak\u0142adk\u0119 KONTAKT<\/em><br>Nie odpowiadamy za uszkodzenia mechaniczne w transporcie.<br><br>Czas rozpatrzenia reklamacji to 14 dni &#8211; od daty otrzymania zg\u0142oszenia. <br><br>Poinformujemy Ci\u0119 czy reklamacja jest odrzucona czy przyj\u0119ta.<br><br>W przypadku akceptacji &#8211; Nabywca odsy\u0142a okulary na sw\u00f3j koszt, nie odbieramy przesy\u0142ek za pobraniem. Adres do wysy\u0142ki jak wy\u017cej.<br><br>Po zwr\u00f3ceniu uszkodzonego produktu p\u0142atno\u015b\u0107 jest zwracana w najkr\u00f3tszym mo\u017cliwym terminie.<\/p>\n\n\n\n<p><\/p>\n","protected":false},"excerpt":{"rendered":"<p>Zwrot produkt\u00f3w Zwrotu mo\u017cesz dokona\u0107 w ci\u0105gu 14 dni od dnia w kt\u00f3rym zosta\u0142a dostarczona paczka &#8211; odst\u0105pienie od umowy [&hellip;]<\/p>\n","protected":false},"author":3,"featured_media":0,"parent":0,"menu_order":0,"comment_status":"closed","ping_status":"closed","template":"","meta":{"site-sidebar-layout":"default","site-content-layout":"","ast-site-content-layout":"","site-content-style":"default","site-sidebar-style":"default","ast-global-header-display":"","ast-banner-title-visibility":"","ast-main-header-display":"","ast-hfb-above-header-display":"","ast-hfb-below-header-display":"","ast-hfb-mobile-header-display":"","site-post-title":"disabled","ast-breadcrumbs-content":"","ast-featured-img":"","footer-sml-layout":"","theme-transparent-header-meta":"","adv-header-id-meta":"","stick-header-meta":"","header-above-stick-meta":"","header-main-stick-meta":"","header-below-stick-meta":"","astra-migrate-meta-layouts":"default","ast-page-background-enabled":"default","ast-page-background-meta":{"desktop":{"background-color":"var(--ast-global-color-4)","background-image":"","background-repeat":"repeat","background-position":"center center","background-size":"auto","background-attachment":"scroll","background-type":"","background-media":"","overlay-type":"","overlay-color":"","overlay-gradient":""},"tablet":{"background-color":"","background-image":"","background-repeat":"repeat","background-position":"center center","background-size":"auto","background-attachment":"scroll","background-type":"","background-media":"","overlay-type":"","overlay-color":"","overlay-gradient":""},"mobile":{"background-color":"","background-image":"","background-repeat":"repeat","background-position":"center center","background-size":"auto","background-attachment":"scroll","background-type":"","background-media":"","overlay-type":"","overlay-color":"","overlay-gradient":""}},"ast-content-background-meta":{"desktop":{"background-color":"var(--ast-global-color-5)","background-image":"","background-repeat":"repeat","background-position":"center center","background-size":"auto","background-attachment":"scroll","background-type":"","background-media":"","overlay-type":"","overlay-color":"","overlay-gradient":""},"tablet":{"background-color":"var(--ast-global-color-5)","background-image":"","background-repeat":"repeat","background-position":"center center","background-size":"auto","background-attachment":"scroll","background-type":"","background-media":"","overlay-type":"","overlay-color":"","overlay-gradient":""},"mobile":{"background-color":"var(--ast-global-color-5)","background-image":"","background-repeat":"repeat","background-position":"center center","background-size":"auto","background-attachment":"scroll","background-type":"","background-media":"","overlay-type":"","overlay-color":"","overlay-gradient":""}},"footnotes":""},"class_list":["post-398","page","type-page","status-publish","hentry"],"yoast_head":"<!-- This site is optimized with the Yoast SEO plugin v22.7 - https:\/\/yoast.com\/wordpress\/plugins\/seo\/ -->\n<title>Zwroty i reklamacje - Gogle-Shop<\/title>\n<meta name=\"robots\" content=\"index, follow, max-snippet:-1, max-image-preview:large, max-video-preview:-1\" \/>\n<link rel=\"canonical\" href=\"https:\/\/gogle-shop.pl\/?page_id=398\" \/>\n<meta property=\"og:locale\" content=\"pl_PL\" \/>\n<meta property=\"og:type\" content=\"article\" \/>\n<meta property=\"og:title\" content=\"Zwroty i reklamacje - Gogle-Shop\" \/>\n<meta property=\"og:description\" content=\"Zwrot produkt\u00f3w Zwrotu mo\u017cesz dokona\u0107 w ci\u0105gu 14 dni od dnia w kt\u00f3rym zosta\u0142a dostarczona paczka &#8211; odst\u0105pienie od umowy [&hellip;]\" \/>\n<meta property=\"og:url\" content=\"https:\/\/gogle-shop.pl\/?page_id=398\" \/>\n<meta property=\"og:site_name\" content=\"Gogle-Shop\" \/>\n<meta property=\"article:modified_time\" content=\"2024-04-21T15:37:54+00:00\" \/>\n<meta property=\"og:image\" content=\"https:\/\/gogle-shop.pl\/wp-content\/uploads\/2024\/04\/Grafika_bez_nazwy-33-1024x85.jpg\" \/>\n<meta name=\"twitter:card\" content=\"summary_large_image\" \/>\n<meta name=\"twitter:label1\" content=\"Szacowany czas czytania\" \/>\n\t<meta name=\"twitter:data1\" content=\"2 minuty\" \/>\n<script type=\"application\/ld+json\" class=\"yoast-schema-graph\">{\"@context\":\"https:\/\/schema.org\",\"@graph\":[{\"@type\":\"WebPage\",\"@id\":\"https:\/\/gogle-shop.pl\/?page_id=398\",\"url\":\"https:\/\/gogle-shop.pl\/?page_id=398\",\"name\":\"Zwroty i reklamacje - Gogle-Shop\",\"isPartOf\":{\"@id\":\"https:\/\/gogle-shop.pl\/#website\"},\"primaryImageOfPage\":{\"@id\":\"https:\/\/gogle-shop.pl\/?page_id=398#primaryimage\"},\"image\":{\"@id\":\"https:\/\/gogle-shop.pl\/?page_id=398#primaryimage\"},\"thumbnailUrl\":\"https:\/\/gogle-shop.pl\/wp-content\/uploads\/2024\/04\/Grafika_bez_nazwy-33-1024x85.jpg\",\"datePublished\":\"2024-04-18T09:54:37+00:00\",\"dateModified\":\"2024-04-21T15:37:54+00:00\",\"breadcrumb\":{\"@id\":\"https:\/\/gogle-shop.pl\/?page_id=398#breadcrumb\"},\"inLanguage\":\"pl-PL\",\"potentialAction\":[{\"@type\":\"ReadAction\",\"target\":[\"https:\/\/gogle-shop.pl\/?page_id=398\"]}]},{\"@type\":\"ImageObject\",\"inLanguage\":\"pl-PL\",\"@id\":\"https:\/\/gogle-shop.pl\/?page_id=398#primaryimage\",\"url\":\"https:\/\/gogle-shop.pl\/wp-content\/uploads\/2024\/04\/Grafika_bez_nazwy-33.jpg\",\"contentUrl\":\"https:\/\/gogle-shop.pl\/wp-content\/uploads\/2024\/04\/Grafika_bez_nazwy-33.jpg\",\"width\":1200,\"height\":100},{\"@type\":\"BreadcrumbList\",\"@id\":\"https:\/\/gogle-shop.pl\/?page_id=398#breadcrumb\",\"itemListElement\":[{\"@type\":\"ListItem\",\"position\":1,\"name\":\"Strona g\u0142\u00f3wna\",\"item\":\"https:\/\/gogle-shop.pl\/\"},{\"@type\":\"ListItem\",\"position\":2,\"name\":\"Zwroty i reklamacje\"}]},{\"@type\":\"WebSite\",\"@id\":\"https:\/\/gogle-shop.pl\/#website\",\"url\":\"https:\/\/gogle-shop.pl\/\",\"name\":\"Gogle-Shop\",\"description\":\"\",\"publisher\":{\"@id\":\"https:\/\/gogle-shop.pl\/#organization\"},\"potentialAction\":[{\"@type\":\"SearchAction\",\"target\":{\"@type\":\"EntryPoint\",\"urlTemplate\":\"https:\/\/gogle-shop.pl\/?s={search_term_string}\"},\"query-input\":\"required name=search_term_string\"}],\"inLanguage\":\"pl-PL\"},{\"@type\":\"Organization\",\"@id\":\"https:\/\/gogle-shop.pl\/#organization\",\"name\":\"Gogle-Shop\",\"url\":\"https:\/\/gogle-shop.pl\/\",\"logo\":{\"@type\":\"ImageObject\",\"inLanguage\":\"pl-PL\",\"@id\":\"https:\/\/gogle-shop.pl\/#\/schema\/logo\/image\/\",\"url\":\"https:\/\/gogle-shop.pl\/wp-content\/uploads\/2024\/04\/IMG_4649.png\",\"contentUrl\":\"https:\/\/gogle-shop.pl\/wp-content\/uploads\/2024\/04\/IMG_4649.png\",\"width\":2048,\"height\":2048,\"caption\":\"Gogle-Shop\"},\"image\":{\"@id\":\"https:\/\/gogle-shop.pl\/#\/schema\/logo\/image\/\"}}]}<\/script>\n<!-- \/ Yoast SEO plugin. -->","yoast_head_json":{"title":"Zwroty i reklamacje - Gogle-Shop","robots":{"index":"index","follow":"follow","max-snippet":"max-snippet:-1","max-image-preview":"max-image-preview:large","max-video-preview":"max-video-preview:-1"},"canonical":"https:\/\/gogle-shop.pl\/?page_id=398","og_locale":"pl_PL","og_type":"article","og_title":"Zwroty i reklamacje - Gogle-Shop","og_description":"Zwrot produkt\u00f3w Zwrotu mo\u017cesz dokona\u0107 w ci\u0105gu 14 dni od dnia w kt\u00f3rym zosta\u0142a dostarczona paczka &#8211; odst\u0105pienie od umowy [&hellip;]","og_url":"https:\/\/gogle-shop.pl\/?page_id=398","og_site_name":"Gogle-Shop","article_modified_time":"2024-04-21T15:37:54+00:00","og_image":[{"url":"https:\/\/gogle-shop.pl\/wp-content\/uploads\/2024\/04\/Grafika_bez_nazwy-33-1024x85.jpg"}],"twitter_card":"summary_large_image","twitter_misc":{"Szacowany czas czytania":"2 minuty"},"schema":{"@context":"https:\/\/schema.org","@graph":[{"@type":"WebPage","@id":"https:\/\/gogle-shop.pl\/?page_id=398","url":"https:\/\/gogle-shop.pl\/?page_id=398","name":"Zwroty i reklamacje - Gogle-Shop","isPartOf":{"@id":"https:\/\/gogle-shop.pl\/#website"},"primaryImageOfPage":{"@id":"https:\/\/gogle-shop.pl\/?page_id=398#primaryimage"},"image":{"@id":"https:\/\/gogle-shop.pl\/?page_id=398#primaryimage"},"thumbnailUrl":"https:\/\/gogle-shop.pl\/wp-content\/uploads\/2024\/04\/Grafika_bez_nazwy-33-1024x85.jpg","datePublished":"2024-04-18T09:54:37+00:00","dateModified":"2024-04-21T15:37:54+00:00","breadcrumb":{"@id":"https:\/\/gogle-shop.pl\/?page_id=398#breadcrumb"},"inLanguage":"pl-PL","potentialAction":[{"@type":"ReadAction","target":["https:\/\/gogle-shop.pl\/?page_id=398"]}]},{"@type":"ImageObject","inLanguage":"pl-PL","@id":"https:\/\/gogle-shop.pl\/?page_id=398#primaryimage","url":"https:\/\/gogle-shop.pl\/wp-content\/uploads\/2024\/04\/Grafika_bez_nazwy-33.jpg","contentUrl":"https:\/\/gogle-shop.pl\/wp-content\/uploads\/2024\/04\/Grafika_bez_nazwy-33.jpg","width":1200,"height":100},{"@type":"BreadcrumbList","@id":"https:\/\/gogle-shop.pl\/?page_id=398#breadcrumb","itemListElement":[{"@type":"ListItem","position":1,"name":"Strona g\u0142\u00f3wna","item":"https:\/\/gogle-shop.pl\/"},{"@type":"ListItem","position":2,"name":"Zwroty i reklamacje"}]},{"@type":"WebSite","@id":"https:\/\/gogle-shop.pl\/#website","url":"https:\/\/gogle-shop.pl\/","name":"Gogle-Shop","description":"","publisher":{"@id":"https:\/\/gogle-shop.pl\/#organization"},"potentialAction":[{"@type":"SearchAction","target":{"@type":"EntryPoint","urlTemplate":"https:\/\/gogle-shop.pl\/?s={search_term_string}"},"query-input":"required name=search_term_string"}],"inLanguage":"pl-PL"},{"@type":"Organization","@id":"https:\/\/gogle-shop.pl\/#organization","name":"Gogle-Shop","url":"https:\/\/gogle-shop.pl\/","logo":{"@type":"ImageObject","inLanguage":"pl-PL","@id":"https:\/\/gogle-shop.pl\/#\/schema\/logo\/image\/","url":"https:\/\/gogle-shop.pl\/wp-content\/uploads\/2024\/04\/IMG_4649.png","contentUrl":"https:\/\/gogle-shop.pl\/wp-content\/uploads\/2024\/04\/IMG_4649.png","width":2048,"height":2048,"caption":"Gogle-Shop"},"image":{"@id":"https:\/\/gogle-shop.pl\/#\/schema\/logo\/image\/"}}]}},"_links":{"self":[{"href":"https:\/\/gogle-shop.pl\/index.php?rest_route=\/wp\/v2\/pages\/398","targetHints":{"allow":["GET"]}}],"collection":[{"href":"https:\/\/gogle-shop.pl\/index.php?rest_route=\/wp\/v2\/pages"}],"about":[{"href":"https:\/\/gogle-shop.pl\/index.php?rest_route=\/wp\/v2\/types\/page"}],"author":[{"embeddable":true,"href":"https:\/\/gogle-shop.pl\/index.php?rest_route=\/wp\/v2\/users\/3"}],"replies":[{"embeddable":true,"href":"https:\/\/gogle-shop.pl\/index.php?rest_route=%2Fwp%2Fv2%2Fcomments&post=398"}],"version-history":[{"count":6,"href":"https:\/\/gogle-shop.pl\/index.php?rest_route=\/wp\/v2\/pages\/398\/revisions"}],"predecessor-version":[{"id":422,"href":"https:\/\/gogle-shop.pl\/index.php?rest_route=\/wp\/v2\/pages\/398\/revisions\/422"}],"wp:attachment":[{"href":"https:\/\/gogle-shop.pl\/index.php?rest_route=%2Fwp%2Fv2%2Fmedia&parent=398"}],"curies":[{"name":"wp","href":"https:\/\/api.w.org\/{rel}","templated":true}]}}