{"id":493,"date":"2024-04-22T20:58:13","date_gmt":"2024-04-22T18:58:13","guid":{"rendered":"https:\/\/gogle-shop.pl\/?post_type=product&#038;p=493"},"modified":"2024-04-25T19:34:00","modified_gmt":"2024-04-25T17:34:00","slug":"wayfarer-kids","status":"publish","type":"product","link":"https:\/\/gogle-shop.pl\/?product=wayfarer-kids","title":{"rendered":"Wayfarer Kids"},"content":{"rendered":"<div>\n<p><strong>Typ ochrony:<\/strong><span class=\"apple-converted-space\">\u00a0<\/span>Filtr UV 400, kategoria 3<\/p>\n<\/div>\n<div>\n<p>Zgodne z norm\u0105 PN-EN ISO 12312-1:2022-12<\/p>\n<\/div>\n<div>\n<p><strong>Wymiary:<\/strong><b><br \/>\n<\/b><b>\ud83d\udca0<span class=\"apple-converted-space\">\u00a0<\/span><\/b>szeroko\u015b\u0107 oprawki: 13 cm<br \/>\n\ud83d\udca0 wysoko\u015b\u0107: 4 cm<br \/>\n\ud83d\udca0 d\u0142ugo\u015b\u0107 zausznik\u00f3w: 12,5 cm<\/p>\n<\/div>\n","protected":false},"excerpt":{"rendered":"<div>\n<p>\ud83d\ude9b Czas dostawy: 1 &#8211; 3 dni robocze<\/p>\n<\/div>\n<div>\n<p>etui materia\u0142owe &#8211; gratis \ud83d\udd06<\/p>\n<\/div>\n","protected":false},"featured_media":496,"comment_status":"open","ping_status":"closed","template":"","meta":{"site-sidebar-layout":"default","site-content-layout":"","ast-site-content-layout":"default","site-content-style":"default","site-sidebar-style":"default","ast-global-header-display":"","ast-banner-title-visibility":"","ast-main-header-display":"","ast-hfb-above-header-display":"","ast-hfb-below-header-display":"","ast-hfb-mobile-header-display":"","site-post-title":"","ast-breadcrumbs-content":"","ast-featured-img":"","footer-sml-layout":"","theme-transparent-header-meta":"default","adv-header-id-meta":"","stick-header-meta":"","header-above-stick-meta":"","header-main-stick-meta":"","header-below-stick-meta":"","astra-migrate-meta-layouts":"set","ast-page-background-enabled":"default","ast-page-background-meta":{"desktop":{"background-color":"var(--ast-global-color-4)","background-image":"","background-repeat":"repeat","background-position":"center center","background-size":"auto","background-attachment":"scroll","background-type":"","background-media":"","overlay-type":"","overlay-color":"","overlay-gradient":""},"tablet":{"background-color":"","background-image":"","background-repeat":"repeat","background-position":"center center","background-size":"auto","background-attachment":"scroll","background-type":"","background-media":"","overlay-type":"","overlay-color":"","overlay-gradient":""},"mobile":{"background-color":"","background-image":"","background-repeat":"repeat","background-position":"center center","background-size":"auto","background-attachment":"scroll","background-type":"","background-media":"","overlay-type":"","overlay-color":"","overlay-gradient":""}},"ast-content-background-meta":{"desktop":{"background-color":"var(--ast-global-color-5)","background-image":"","background-repeat":"repeat","background-position":"center center","background-size":"auto","background-attachment":"scroll","background-type":"","background-media":"","overlay-type":"","overlay-color":"","overlay-gradient":""},"tablet":{"background-color":"var(--ast-global-color-5)","background-image":"","background-repeat":"repeat","background-position":"center center","background-size":"auto","background-attachment":"scroll","background-type":"","background-media":"","overlay-type":"","overlay-color":"","overlay-gradient":""},"mobile":{"background-color":"var(--ast-global-color-5)","background-image":"","background-repeat":"repeat","background-position":"center center","background-size":"auto","background-attachment":"scroll","background-type":"","background-media":"","overlay-type":"","overlay-color":"","overlay-gradient":""}}},"product_cat":[20],"product_tag":[],"class_list":{"0":"post-493","1":"product","2":"type-product","3":"status-publish","4":"has-post-thumbnail","6":"product_cat-dzieciece","7":"desktop-align-center","8":"tablet-align-left","9":"mobile-align-left","11":"first","12":"instock","13":"shipping-taxable","14":"purchasable","15":"product-type-variable"},"yoast_head":"<!-- This site is optimized with the Yoast SEO plugin v22.7 - https:\/\/yoast.com\/wordpress\/plugins\/seo\/ -->\n<title>Wayfarer Kids - Gogle-Shop<\/title>\n<meta name=\"description\" content=\"Okulary przeciws\u0142oneczne dzieci\u0119ce. Idealne na s\u0142oneczn\u0105 pogod\u0119 i spacery z rodzin\u0105. Kolor - czerwony, czarny. Wejd\u017a i sprawd\u017a inne nasze produkty.\" \/>\n<meta name=\"robots\" content=\"index, follow, max-snippet:-1, max-image-preview:large, max-video-preview:-1\" \/>\n<link rel=\"canonical\" href=\"https:\/\/gogle-shop.pl\/?product=wayfarer-kids\" \/>\n<meta property=\"og:locale\" content=\"pl_PL\" \/>\n<meta property=\"og:type\" content=\"article\" \/>\n<meta property=\"og:title\" content=\"Wayfarer Kids - Gogle-Shop\" \/>\n<meta property=\"og:description\" content=\"Okulary przeciws\u0142oneczne dzieci\u0119ce. Idealne na s\u0142oneczn\u0105 pogod\u0119 i spacery z rodzin\u0105. Kolor - czerwony, czarny. Wejd\u017a i sprawd\u017a inne nasze produkty.\" \/>\n<meta property=\"og:url\" content=\"https:\/\/gogle-shop.pl\/?product=wayfarer-kids\" \/>\n<meta property=\"og:site_name\" content=\"Gogle-Shop\" \/>\n<meta property=\"article:modified_time\" content=\"2024-04-25T17:34:00+00:00\" \/>\n<meta property=\"og:image\" content=\"https:\/\/gogle-shop.pl\/wp-content\/uploads\/2024\/04\/IMG_9993-2-scaled-e1713812277840.jpeg\" \/>\n\t<meta property=\"og:image:width\" content=\"2414\" \/>\n\t<meta property=\"og:image:height\" content=\"1774\" \/>\n\t<meta property=\"og:image:type\" content=\"image\/jpeg\" \/>\n<meta name=\"twitter:card\" content=\"summary_large_image\" \/>\n<meta name=\"twitter:label1\" content=\"Szacowany czas czytania\" \/>\n\t<meta name=\"twitter:data1\" content=\"1 minuta\" \/>\n<script type=\"application\/ld+json\" class=\"yoast-schema-graph\">{\"@context\":\"https:\/\/schema.org\",\"@graph\":[{\"@type\":\"WebPage\",\"@id\":\"https:\/\/gogle-shop.pl\/?product=wayfarer-kids\",\"url\":\"https:\/\/gogle-shop.pl\/?product=wayfarer-kids\",\"name\":\"Wayfarer Kids - Gogle-Shop\",\"isPartOf\":{\"@id\":\"https:\/\/gogle-shop.pl\/#website\"},\"primaryImageOfPage\":{\"@id\":\"https:\/\/gogle-shop.pl\/?product=wayfarer-kids#primaryimage\"},\"image\":{\"@id\":\"https:\/\/gogle-shop.pl\/?product=wayfarer-kids#primaryimage\"},\"thumbnailUrl\":\"https:\/\/gogle-shop.pl\/wp-content\/uploads\/2024\/04\/IMG_9993-2-scaled-e1713812277840.jpeg\",\"datePublished\":\"2024-04-22T18:58:13+00:00\",\"dateModified\":\"2024-04-25T17:34:00+00:00\",\"description\":\"Okulary przeciws\u0142oneczne dzieci\u0119ce. Idealne na s\u0142oneczn\u0105 pogod\u0119 i spacery z rodzin\u0105. Kolor - czerwony, czarny. Wejd\u017a i sprawd\u017a inne nasze produkty.\",\"breadcrumb\":{\"@id\":\"https:\/\/gogle-shop.pl\/?product=wayfarer-kids#breadcrumb\"},\"inLanguage\":\"pl-PL\",\"potentialAction\":[{\"@type\":\"ReadAction\",\"target\":[\"https:\/\/gogle-shop.pl\/?product=wayfarer-kids\"]}]},{\"@type\":\"ImageObject\",\"inLanguage\":\"pl-PL\",\"@id\":\"https:\/\/gogle-shop.pl\/?product=wayfarer-kids#primaryimage\",\"url\":\"https:\/\/gogle-shop.pl\/wp-content\/uploads\/2024\/04\/IMG_9993-2-scaled-e1713812277840.jpeg\",\"contentUrl\":\"https:\/\/gogle-shop.pl\/wp-content\/uploads\/2024\/04\/IMG_9993-2-scaled-e1713812277840.jpeg\",\"width\":2414,\"height\":1774},{\"@type\":\"BreadcrumbList\",\"@id\":\"https:\/\/gogle-shop.pl\/?product=wayfarer-kids#breadcrumb\",\"itemListElement\":[{\"@type\":\"ListItem\",\"position\":1,\"name\":\"Strona g\u0142\u00f3wna\",\"item\":\"https:\/\/gogle-shop.pl\/\"},{\"@type\":\"ListItem\",\"position\":2,\"name\":\"Sklep\",\"item\":\"https:\/\/gogle-shop.pl\/?page_id=51\"},{\"@type\":\"ListItem\",\"position\":3,\"name\":\"Wayfarer Kids\"}]},{\"@type\":\"WebSite\",\"@id\":\"https:\/\/gogle-shop.pl\/#website\",\"url\":\"https:\/\/gogle-shop.pl\/\",\"name\":\"Gogle-Shop\",\"description\":\"\",\"publisher\":{\"@id\":\"https:\/\/gogle-shop.pl\/#organization\"},\"potentialAction\":[{\"@type\":\"SearchAction\",\"target\":{\"@type\":\"EntryPoint\",\"urlTemplate\":\"https:\/\/gogle-shop.pl\/?s={search_term_string}\"},\"query-input\":\"required name=search_term_string\"}],\"inLanguage\":\"pl-PL\"},{\"@type\":\"Organization\",\"@id\":\"https:\/\/gogle-shop.pl\/#organization\",\"name\":\"Gogle-Shop\",\"url\":\"https:\/\/gogle-shop.pl\/\",\"logo\":{\"@type\":\"ImageObject\",\"inLanguage\":\"pl-PL\",\"@id\":\"https:\/\/gogle-shop.pl\/#\/schema\/logo\/image\/\",\"url\":\"https:\/\/gogle-shop.pl\/wp-content\/uploads\/2024\/04\/IMG_4649.png\",\"contentUrl\":\"https:\/\/gogle-shop.pl\/wp-content\/uploads\/2024\/04\/IMG_4649.png\",\"width\":2048,\"height\":2048,\"caption\":\"Gogle-Shop\"},\"image\":{\"@id\":\"https:\/\/gogle-shop.pl\/#\/schema\/logo\/image\/\"}}]}<\/script>\n<!-- \/ Yoast SEO plugin. -->","yoast_head_json":{"title":"Wayfarer Kids - Gogle-Shop","description":"Okulary przeciws\u0142oneczne dzieci\u0119ce. Idealne na s\u0142oneczn\u0105 pogod\u0119 i spacery z rodzin\u0105. Kolor - czerwony, czarny. Wejd\u017a i sprawd\u017a inne nasze produkty.","robots":{"index":"index","follow":"follow","max-snippet":"max-snippet:-1","max-image-preview":"max-image-preview:large","max-video-preview":"max-video-preview:-1"},"canonical":"https:\/\/gogle-shop.pl\/?product=wayfarer-kids","og_locale":"pl_PL","og_type":"article","og_title":"Wayfarer Kids - Gogle-Shop","og_description":"Okulary przeciws\u0142oneczne dzieci\u0119ce. Idealne na s\u0142oneczn\u0105 pogod\u0119 i spacery z rodzin\u0105. Kolor - czerwony, czarny. Wejd\u017a i sprawd\u017a inne nasze produkty.","og_url":"https:\/\/gogle-shop.pl\/?product=wayfarer-kids","og_site_name":"Gogle-Shop","article_modified_time":"2024-04-25T17:34:00+00:00","og_image":[{"width":2414,"height":1774,"url":"https:\/\/gogle-shop.pl\/wp-content\/uploads\/2024\/04\/IMG_9993-2-scaled-e1713812277840.jpeg","type":"image\/jpeg"}],"twitter_card":"summary_large_image","twitter_misc":{"Szacowany czas czytania":"1 minuta"},"schema":{"@context":"https:\/\/schema.org","@graph":[{"@type":"WebPage","@id":"https:\/\/gogle-shop.pl\/?product=wayfarer-kids","url":"https:\/\/gogle-shop.pl\/?product=wayfarer-kids","name":"Wayfarer Kids - Gogle-Shop","isPartOf":{"@id":"https:\/\/gogle-shop.pl\/#website"},"primaryImageOfPage":{"@id":"https:\/\/gogle-shop.pl\/?product=wayfarer-kids#primaryimage"},"image":{"@id":"https:\/\/gogle-shop.pl\/?product=wayfarer-kids#primaryimage"},"thumbnailUrl":"https:\/\/gogle-shop.pl\/wp-content\/uploads\/2024\/04\/IMG_9993-2-scaled-e1713812277840.jpeg","datePublished":"2024-04-22T18:58:13+00:00","dateModified":"2024-04-25T17:34:00+00:00","description":"Okulary przeciws\u0142oneczne dzieci\u0119ce. Idealne na s\u0142oneczn\u0105 pogod\u0119 i spacery z rodzin\u0105. Kolor - czerwony, czarny. Wejd\u017a i sprawd\u017a inne nasze produkty.","breadcrumb":{"@id":"https:\/\/gogle-shop.pl\/?product=wayfarer-kids#breadcrumb"},"inLanguage":"pl-PL","potentialAction":[{"@type":"ReadAction","target":["https:\/\/gogle-shop.pl\/?product=wayfarer-kids"]}]},{"@type":"ImageObject","inLanguage":"pl-PL","@id":"https:\/\/gogle-shop.pl\/?product=wayfarer-kids#primaryimage","url":"https:\/\/gogle-shop.pl\/wp-content\/uploads\/2024\/04\/IMG_9993-2-scaled-e1713812277840.jpeg","contentUrl":"https:\/\/gogle-shop.pl\/wp-content\/uploads\/2024\/04\/IMG_9993-2-scaled-e1713812277840.jpeg","width":2414,"height":1774},{"@type":"BreadcrumbList","@id":"https:\/\/gogle-shop.pl\/?product=wayfarer-kids#breadcrumb","itemListElement":[{"@type":"ListItem","position":1,"name":"Strona g\u0142\u00f3wna","item":"https:\/\/gogle-shop.pl\/"},{"@type":"ListItem","position":2,"name":"Sklep","item":"https:\/\/gogle-shop.pl\/?page_id=51"},{"@type":"ListItem","position":3,"name":"Wayfarer Kids"}]},{"@type":"WebSite","@id":"https:\/\/gogle-shop.pl\/#website","url":"https:\/\/gogle-shop.pl\/","name":"Gogle-Shop","description":"","publisher":{"@id":"https:\/\/gogle-shop.pl\/#organization"},"potentialAction":[{"@type":"SearchAction","target":{"@type":"EntryPoint","urlTemplate":"https:\/\/gogle-shop.pl\/?s={search_term_string}"},"query-input":"required name=search_term_string"}],"inLanguage":"pl-PL"},{"@type":"Organization","@id":"https:\/\/gogle-shop.pl\/#organization","name":"Gogle-Shop","url":"https:\/\/gogle-shop.pl\/","logo":{"@type":"ImageObject","inLanguage":"pl-PL","@id":"https:\/\/gogle-shop.pl\/#\/schema\/logo\/image\/","url":"https:\/\/gogle-shop.pl\/wp-content\/uploads\/2024\/04\/IMG_4649.png","contentUrl":"https:\/\/gogle-shop.pl\/wp-content\/uploads\/2024\/04\/IMG_4649.png","width":2048,"height":2048,"caption":"Gogle-Shop"},"image":{"@id":"https:\/\/gogle-shop.pl\/#\/schema\/logo\/image\/"}}]}},"_links":{"self":[{"href":"https:\/\/gogle-shop.pl\/index.php?rest_route=\/wp\/v2\/product\/493","targetHints":{"allow":["GET"]}}],"collection":[{"href":"https:\/\/gogle-shop.pl\/index.php?rest_route=\/wp\/v2\/product"}],"about":[{"href":"https:\/\/gogle-shop.pl\/index.php?rest_route=\/wp\/v2\/types\/product"}],"replies":[{"embeddable":true,"href":"https:\/\/gogle-shop.pl\/index.php?rest_route=%2Fwp%2Fv2%2Fcomments&post=493"}],"wp:featuredmedia":[{"embeddable":true,"href":"https:\/\/gogle-shop.pl\/index.php?rest_route=\/wp\/v2\/media\/496"}],"wp:attachment":[{"href":"https:\/\/gogle-shop.pl\/index.php?rest_route=%2Fwp%2Fv2%2Fmedia&parent=493"}],"wp:term":[{"taxonomy":"product_cat","embeddable":true,"href":"https:\/\/gogle-shop.pl\/index.php?rest_route=%2Fwp%2Fv2%2Fproduct_cat&post=493"},{"taxonomy":"product_tag","embeddable":true,"href":"https:\/\/gogle-shop.pl\/index.php?rest_route=%2Fwp%2Fv2%2Fproduct_tag&post=493"}],"curies":[{"name":"wp","href":"https:\/\/api.w.org\/{rel}","templated":true}]}}