{"id":615,"date":"2024-04-25T19:08:41","date_gmt":"2024-04-25T17:08:41","guid":{"rendered":"https:\/\/gogle-shop.pl\/?post_type=product&#038;p=615"},"modified":"2024-04-25T19:22:53","modified_gmt":"2024-04-25T17:22:53","slug":"febe-round-two","status":"publish","type":"product","link":"https:\/\/gogle-shop.pl\/?product=febe-round-two","title":{"rendered":"Febe Round Two"},"content":{"rendered":"<div>\n<p><strong>Typ ochrony:<\/strong><span class=\"apple-converted-space\">\u00a0<\/span>Filtr UV 400, kategoria 3<\/p>\n<\/div>\n<div>\n<p>Zgodne z norm\u0105 PN-EN ISO 12312-1:2022-12<\/p>\n<\/div>\n<div>\n<p><strong>Wymiary:<\/strong><b><br \/>\n<\/b><b>\ud83d\udca0<span class=\"apple-converted-space\">\u00a0<\/span><\/b>szeroko\u015b\u0107 oprawki: 14 cm<br \/>\n\ud83d\udca0 wysoko\u015b\u0107: 5,5 cm<br \/>\n\ud83d\udca0 d\u0142ugo\u015b\u0107 zausznik\u00f3w: 14,5 cm<\/p>\n<\/div>\n","protected":false},"excerpt":{"rendered":"<div>\n<p>\ud83d\ude9b Czas dostawy: 1 &#8211; 3 dni robocze<\/p>\n<\/div>\n<div>\n<p>etui materia\u0142owe &#8211; gratis \ud83d\udd06<\/p>\n<\/div>\n","protected":false},"featured_media":611,"comment_status":"open","ping_status":"closed","template":"","meta":{"site-sidebar-layout":"default","site-content-layout":"","ast-site-content-layout":"default","site-content-style":"default","site-sidebar-style":"default","ast-global-header-display":"","ast-banner-title-visibility":"","ast-main-header-display":"","ast-hfb-above-header-display":"","ast-hfb-below-header-display":"","ast-hfb-mobile-header-display":"","site-post-title":"","ast-breadcrumbs-content":"","ast-featured-img":"","footer-sml-layout":"","theme-transparent-header-meta":"default","adv-header-id-meta":"","stick-header-meta":"","header-above-stick-meta":"","header-main-stick-meta":"","header-below-stick-meta":"","astra-migrate-meta-layouts":"set","ast-page-background-enabled":"default","ast-page-background-meta":{"desktop":{"background-color":"var(--ast-global-color-4)","background-image":"","background-repeat":"repeat","background-position":"center center","background-size":"auto","background-attachment":"scroll","background-type":"","background-media":"","overlay-type":"","overlay-color":"","overlay-gradient":""},"tablet":{"background-color":"","background-image":"","background-repeat":"repeat","background-position":"center center","background-size":"auto","background-attachment":"scroll","background-type":"","background-media":"","overlay-type":"","overlay-color":"","overlay-gradient":""},"mobile":{"background-color":"","background-image":"","background-repeat":"repeat","background-position":"center center","background-size":"auto","background-attachment":"scroll","background-type":"","background-media":"","overlay-type":"","overlay-color":"","overlay-gradient":""}},"ast-content-background-meta":{"desktop":{"background-color":"var(--ast-global-color-5)","background-image":"","background-repeat":"repeat","background-position":"center center","background-size":"auto","background-attachment":"scroll","background-type":"","background-media":"","overlay-type":"","overlay-color":"","overlay-gradient":""},"tablet":{"background-color":"var(--ast-global-color-5)","background-image":"","background-repeat":"repeat","background-position":"center center","background-size":"auto","background-attachment":"scroll","background-type":"","background-media":"","overlay-type":"","overlay-color":"","overlay-gradient":""},"mobile":{"background-color":"var(--ast-global-color-5)","background-image":"","background-repeat":"repeat","background-position":"center center","background-size":"auto","background-attachment":"scroll","background-type":"","background-media":"","overlay-type":"","overlay-color":"","overlay-gradient":""}}},"product_cat":[21,22,23],"product_tag":[],"class_list":{"0":"post-615","1":"product","2":"type-product","3":"status-publish","4":"has-post-thumbnail","6":"product_cat-damskie","7":"product_cat-meskie","8":"product_cat-unisex","9":"desktop-align-center","10":"tablet-align-left","11":"mobile-align-left","13":"first","14":"instock","15":"shipping-taxable","16":"purchasable","17":"product-type-variable"},"yoast_head":"<!-- This site is optimized with the Yoast SEO plugin v22.7 - https:\/\/yoast.com\/wordpress\/plugins\/seo\/ -->\n<title>Febe Round Two - Gogle-Shop<\/title>\n<meta name=\"description\" content=\"okulary przeciws\u0142oneczne unisex, okr\u0105g\u0142e, przezroczyste, lustro - idealne na s\u0142oneczn\u0105 pogod\u0119 i spacery z rodzin\u0105. Wejd\u017a i sprawd\u017a inne nasze produkty.\" \/>\n<meta name=\"robots\" content=\"index, follow, max-snippet:-1, max-image-preview:large, max-video-preview:-1\" \/>\n<link rel=\"canonical\" href=\"https:\/\/gogle-shop.pl\/?product=febe-round-two\" \/>\n<meta property=\"og:locale\" content=\"pl_PL\" \/>\n<meta property=\"og:type\" content=\"article\" \/>\n<meta property=\"og:title\" content=\"Febe Round Two - Gogle-Shop\" \/>\n<meta property=\"og:description\" content=\"okulary przeciws\u0142oneczne unisex, okr\u0105g\u0142e, przezroczyste, lustro - idealne na s\u0142oneczn\u0105 pogod\u0119 i spacery z rodzin\u0105. Wejd\u017a i sprawd\u017a inne nasze produkty.\" \/>\n<meta property=\"og:url\" content=\"https:\/\/gogle-shop.pl\/?product=febe-round-two\" \/>\n<meta property=\"og:site_name\" content=\"Gogle-Shop\" \/>\n<meta property=\"article:modified_time\" content=\"2024-04-25T17:22:53+00:00\" \/>\n<meta property=\"og:image\" content=\"https:\/\/gogle-shop.pl\/wp-content\/uploads\/2024\/04\/IMG_0062-2-scaled-e1714064897907.jpeg\" \/>\n\t<meta property=\"og:image:width\" content=\"2385\" \/>\n\t<meta property=\"og:image:height\" content=\"1651\" \/>\n\t<meta property=\"og:image:type\" content=\"image\/jpeg\" \/>\n<meta name=\"twitter:card\" content=\"summary_large_image\" \/>\n<meta name=\"twitter:label1\" content=\"Szacowany czas czytania\" \/>\n\t<meta name=\"twitter:data1\" content=\"1 minuta\" \/>\n<script type=\"application\/ld+json\" class=\"yoast-schema-graph\">{\"@context\":\"https:\/\/schema.org\",\"@graph\":[{\"@type\":\"WebPage\",\"@id\":\"https:\/\/gogle-shop.pl\/?product=febe-round-two\",\"url\":\"https:\/\/gogle-shop.pl\/?product=febe-round-two\",\"name\":\"Febe Round Two - Gogle-Shop\",\"isPartOf\":{\"@id\":\"https:\/\/gogle-shop.pl\/#website\"},\"primaryImageOfPage\":{\"@id\":\"https:\/\/gogle-shop.pl\/?product=febe-round-two#primaryimage\"},\"image\":{\"@id\":\"https:\/\/gogle-shop.pl\/?product=febe-round-two#primaryimage\"},\"thumbnailUrl\":\"https:\/\/gogle-shop.pl\/wp-content\/uploads\/2024\/04\/IMG_0062-2-scaled-e1714064897907.jpeg\",\"datePublished\":\"2024-04-25T17:08:41+00:00\",\"dateModified\":\"2024-04-25T17:22:53+00:00\",\"description\":\"okulary przeciws\u0142oneczne unisex, okr\u0105g\u0142e, przezroczyste, lustro - idealne na s\u0142oneczn\u0105 pogod\u0119 i spacery z rodzin\u0105. Wejd\u017a i sprawd\u017a inne nasze produkty.\",\"breadcrumb\":{\"@id\":\"https:\/\/gogle-shop.pl\/?product=febe-round-two#breadcrumb\"},\"inLanguage\":\"pl-PL\",\"potentialAction\":[{\"@type\":\"ReadAction\",\"target\":[\"https:\/\/gogle-shop.pl\/?product=febe-round-two\"]}]},{\"@type\":\"ImageObject\",\"inLanguage\":\"pl-PL\",\"@id\":\"https:\/\/gogle-shop.pl\/?product=febe-round-two#primaryimage\",\"url\":\"https:\/\/gogle-shop.pl\/wp-content\/uploads\/2024\/04\/IMG_0062-2-scaled-e1714064897907.jpeg\",\"contentUrl\":\"https:\/\/gogle-shop.pl\/wp-content\/uploads\/2024\/04\/IMG_0062-2-scaled-e1714064897907.jpeg\",\"width\":2385,\"height\":1651},{\"@type\":\"BreadcrumbList\",\"@id\":\"https:\/\/gogle-shop.pl\/?product=febe-round-two#breadcrumb\",\"itemListElement\":[{\"@type\":\"ListItem\",\"position\":1,\"name\":\"Strona g\u0142\u00f3wna\",\"item\":\"https:\/\/gogle-shop.pl\/\"},{\"@type\":\"ListItem\",\"position\":2,\"name\":\"Sklep\",\"item\":\"https:\/\/gogle-shop.pl\/?page_id=51\"},{\"@type\":\"ListItem\",\"position\":3,\"name\":\"Febe Round Two\"}]},{\"@type\":\"WebSite\",\"@id\":\"https:\/\/gogle-shop.pl\/#website\",\"url\":\"https:\/\/gogle-shop.pl\/\",\"name\":\"Gogle-Shop\",\"description\":\"\",\"publisher\":{\"@id\":\"https:\/\/gogle-shop.pl\/#organization\"},\"potentialAction\":[{\"@type\":\"SearchAction\",\"target\":{\"@type\":\"EntryPoint\",\"urlTemplate\":\"https:\/\/gogle-shop.pl\/?s={search_term_string}\"},\"query-input\":\"required name=search_term_string\"}],\"inLanguage\":\"pl-PL\"},{\"@type\":\"Organization\",\"@id\":\"https:\/\/gogle-shop.pl\/#organization\",\"name\":\"Gogle-Shop\",\"url\":\"https:\/\/gogle-shop.pl\/\",\"logo\":{\"@type\":\"ImageObject\",\"inLanguage\":\"pl-PL\",\"@id\":\"https:\/\/gogle-shop.pl\/#\/schema\/logo\/image\/\",\"url\":\"https:\/\/gogle-shop.pl\/wp-content\/uploads\/2024\/04\/IMG_4649.png\",\"contentUrl\":\"https:\/\/gogle-shop.pl\/wp-content\/uploads\/2024\/04\/IMG_4649.png\",\"width\":2048,\"height\":2048,\"caption\":\"Gogle-Shop\"},\"image\":{\"@id\":\"https:\/\/gogle-shop.pl\/#\/schema\/logo\/image\/\"}}]}<\/script>\n<!-- \/ Yoast SEO plugin. -->","yoast_head_json":{"title":"Febe Round Two - Gogle-Shop","description":"okulary przeciws\u0142oneczne unisex, okr\u0105g\u0142e, przezroczyste, lustro - idealne na s\u0142oneczn\u0105 pogod\u0119 i spacery z rodzin\u0105. Wejd\u017a i sprawd\u017a inne nasze produkty.","robots":{"index":"index","follow":"follow","max-snippet":"max-snippet:-1","max-image-preview":"max-image-preview:large","max-video-preview":"max-video-preview:-1"},"canonical":"https:\/\/gogle-shop.pl\/?product=febe-round-two","og_locale":"pl_PL","og_type":"article","og_title":"Febe Round Two - Gogle-Shop","og_description":"okulary przeciws\u0142oneczne unisex, okr\u0105g\u0142e, przezroczyste, lustro - idealne na s\u0142oneczn\u0105 pogod\u0119 i spacery z rodzin\u0105. Wejd\u017a i sprawd\u017a inne nasze produkty.","og_url":"https:\/\/gogle-shop.pl\/?product=febe-round-two","og_site_name":"Gogle-Shop","article_modified_time":"2024-04-25T17:22:53+00:00","og_image":[{"width":2385,"height":1651,"url":"https:\/\/gogle-shop.pl\/wp-content\/uploads\/2024\/04\/IMG_0062-2-scaled-e1714064897907.jpeg","type":"image\/jpeg"}],"twitter_card":"summary_large_image","twitter_misc":{"Szacowany czas czytania":"1 minuta"},"schema":{"@context":"https:\/\/schema.org","@graph":[{"@type":"WebPage","@id":"https:\/\/gogle-shop.pl\/?product=febe-round-two","url":"https:\/\/gogle-shop.pl\/?product=febe-round-two","name":"Febe Round Two - Gogle-Shop","isPartOf":{"@id":"https:\/\/gogle-shop.pl\/#website"},"primaryImageOfPage":{"@id":"https:\/\/gogle-shop.pl\/?product=febe-round-two#primaryimage"},"image":{"@id":"https:\/\/gogle-shop.pl\/?product=febe-round-two#primaryimage"},"thumbnailUrl":"https:\/\/gogle-shop.pl\/wp-content\/uploads\/2024\/04\/IMG_0062-2-scaled-e1714064897907.jpeg","datePublished":"2024-04-25T17:08:41+00:00","dateModified":"2024-04-25T17:22:53+00:00","description":"okulary przeciws\u0142oneczne unisex, okr\u0105g\u0142e, przezroczyste, lustro - idealne na s\u0142oneczn\u0105 pogod\u0119 i spacery z rodzin\u0105. Wejd\u017a i sprawd\u017a inne nasze produkty.","breadcrumb":{"@id":"https:\/\/gogle-shop.pl\/?product=febe-round-two#breadcrumb"},"inLanguage":"pl-PL","potentialAction":[{"@type":"ReadAction","target":["https:\/\/gogle-shop.pl\/?product=febe-round-two"]}]},{"@type":"ImageObject","inLanguage":"pl-PL","@id":"https:\/\/gogle-shop.pl\/?product=febe-round-two#primaryimage","url":"https:\/\/gogle-shop.pl\/wp-content\/uploads\/2024\/04\/IMG_0062-2-scaled-e1714064897907.jpeg","contentUrl":"https:\/\/gogle-shop.pl\/wp-content\/uploads\/2024\/04\/IMG_0062-2-scaled-e1714064897907.jpeg","width":2385,"height":1651},{"@type":"BreadcrumbList","@id":"https:\/\/gogle-shop.pl\/?product=febe-round-two#breadcrumb","itemListElement":[{"@type":"ListItem","position":1,"name":"Strona g\u0142\u00f3wna","item":"https:\/\/gogle-shop.pl\/"},{"@type":"ListItem","position":2,"name":"Sklep","item":"https:\/\/gogle-shop.pl\/?page_id=51"},{"@type":"ListItem","position":3,"name":"Febe Round Two"}]},{"@type":"WebSite","@id":"https:\/\/gogle-shop.pl\/#website","url":"https:\/\/gogle-shop.pl\/","name":"Gogle-Shop","description":"","publisher":{"@id":"https:\/\/gogle-shop.pl\/#organization"},"potentialAction":[{"@type":"SearchAction","target":{"@type":"EntryPoint","urlTemplate":"https:\/\/gogle-shop.pl\/?s={search_term_string}"},"query-input":"required name=search_term_string"}],"inLanguage":"pl-PL"},{"@type":"Organization","@id":"https:\/\/gogle-shop.pl\/#organization","name":"Gogle-Shop","url":"https:\/\/gogle-shop.pl\/","logo":{"@type":"ImageObject","inLanguage":"pl-PL","@id":"https:\/\/gogle-shop.pl\/#\/schema\/logo\/image\/","url":"https:\/\/gogle-shop.pl\/wp-content\/uploads\/2024\/04\/IMG_4649.png","contentUrl":"https:\/\/gogle-shop.pl\/wp-content\/uploads\/2024\/04\/IMG_4649.png","width":2048,"height":2048,"caption":"Gogle-Shop"},"image":{"@id":"https:\/\/gogle-shop.pl\/#\/schema\/logo\/image\/"}}]}},"_links":{"self":[{"href":"https:\/\/gogle-shop.pl\/index.php?rest_route=\/wp\/v2\/product\/615","targetHints":{"allow":["GET"]}}],"collection":[{"href":"https:\/\/gogle-shop.pl\/index.php?rest_route=\/wp\/v2\/product"}],"about":[{"href":"https:\/\/gogle-shop.pl\/index.php?rest_route=\/wp\/v2\/types\/product"}],"replies":[{"embeddable":true,"href":"https:\/\/gogle-shop.pl\/index.php?rest_route=%2Fwp%2Fv2%2Fcomments&post=615"}],"wp:featuredmedia":[{"embeddable":true,"href":"https:\/\/gogle-shop.pl\/index.php?rest_route=\/wp\/v2\/media\/611"}],"wp:attachment":[{"href":"https:\/\/gogle-shop.pl\/index.php?rest_route=%2Fwp%2Fv2%2Fmedia&parent=615"}],"wp:term":[{"taxonomy":"product_cat","embeddable":true,"href":"https:\/\/gogle-shop.pl\/index.php?rest_route=%2Fwp%2Fv2%2Fproduct_cat&post=615"},{"taxonomy":"product_tag","embeddable":true,"href":"https:\/\/gogle-shop.pl\/index.php?rest_route=%2Fwp%2Fv2%2Fproduct_tag&post=615"}],"curies":[{"name":"wp","href":"https:\/\/api.w.org\/{rel}","templated":true}]}}